{"id":1605,"date":"2021-12-28T16:32:23","date_gmt":"2021-12-28T16:32:23","guid":{"rendered":"https:\/\/olympicaccessories.com\/?page_id=1605"},"modified":"2025-12-31T16:54:26","modified_gmt":"2025-12-31T16:54:26","slug":"a-propos","status":"publish","type":"page","link":"https:\/\/olympicaccessories.com\/fr\/a-propos\/","title":{"rendered":"\u00c0 propos"},"content":{"rendered":"\n<div id=\"athemes-blocks-block-83b4c02e\" class=\"wp-block-athemes-athemes-blocks-block-container athemes-blocks-block athemes-blocks-block-83b4c02e athemes-blocks-block-container alignfull\"><div class=\"athemes-blocks-block-container-wrapper athemes-blocks-block-container-bg-cover athemes-blocks-block-container-bg-effect-scroll\"><div class=\"athemes-blocks-block-container-wrapper-content\">\n<div class=\"wp-block-columns is-layout-flex wp-container-core-columns-is-layout-9d6595d7 wp-block-columns-is-layout-flex\">\n<div class=\"wp-block-column is-layout-flow wp-block-column-is-layout-flow\" style=\"flex-basis:66.66%\">\n<figure class=\"wp-block-image size-large\"><img fetchpriority=\"high\" decoding=\"async\" width=\"1024\" height=\"360\" src=\"https:\/\/olympicaccessories.com\/wp-content\/uploads\/2025\/12\/olympicLogo50_364x128-01-1024x360.png\" alt=\"\" class=\"wp-image-4743\" srcset=\"https:\/\/olympicaccessories.com\/wp-content\/uploads\/2025\/12\/olympicLogo50_364x128-01-1024x360.png 1024w, https:\/\/olympicaccessories.com\/wp-content\/uploads\/2025\/12\/olympicLogo50_364x128-01-300x106.png 300w, https:\/\/olympicaccessories.com\/wp-content\/uploads\/2025\/12\/olympicLogo50_364x128-01-768x270.png 768w, https:\/\/olympicaccessories.com\/wp-content\/uploads\/2025\/12\/olympicLogo50_364x128-01-1140x401.png 1140w, https:\/\/olympicaccessories.com\/wp-content\/uploads\/2025\/12\/olympicLogo50_364x128-01-920x324.png 920w, https:\/\/olympicaccessories.com\/wp-content\/uploads\/2025\/12\/olympicLogo50_364x128-01-575x202.png 575w, https:\/\/olympicaccessories.com\/wp-content\/uploads\/2025\/12\/olympicLogo50_364x128-01-380x134.png 380w, https:\/\/olympicaccessories.com\/wp-content\/uploads\/2025\/12\/olympicLogo50_364x128-01-800x281.png 800w, https:\/\/olympicaccessories.com\/wp-content\/uploads\/2025\/12\/olympicLogo50_364x128-01.png 1518w\" sizes=\"(max-width: 1024px) 100vw, 1024px\" \/><\/figure>\n\n\n\n<figure class=\"wp-block-image size-full is-style-default\"><img decoding=\"async\" width=\"960\" height=\"500\" data-src=\"https:\/\/olympicaccessories.com\/wp-content\/uploads\/2022\/01\/AboutUs-1.jpg\" alt=\"\" class=\"wp-image-1325 lazyload\" data-srcset=\"https:\/\/olympicaccessories.com\/wp-content\/uploads\/2022\/01\/AboutUs-1.jpg 960w, https:\/\/olympicaccessories.com\/wp-content\/uploads\/2022\/01\/AboutUs-1-300x156.jpg 300w, https:\/\/olympicaccessories.com\/wp-content\/uploads\/2022\/01\/AboutUs-1-768x400.jpg 768w, https:\/\/olympicaccessories.com\/wp-content\/uploads\/2022\/01\/AboutUs-1-920x479.jpg 920w, https:\/\/olympicaccessories.com\/wp-content\/uploads\/2022\/01\/AboutUs-1-575x299.jpg 575w, https:\/\/olympicaccessories.com\/wp-content\/uploads\/2022\/01\/AboutUs-1-380x198.jpg 380w, https:\/\/olympicaccessories.com\/wp-content\/uploads\/2022\/01\/AboutUs-1-800x417.jpg 800w\" data-sizes=\"(max-width: 960px) 100vw, 960px\" src=\"data:image\/svg+xml;base64,PHN2ZyB3aWR0aD0iMSIgaGVpZ2h0PSIxIiB4bWxucz0iaHR0cDovL3d3dy53My5vcmcvMjAwMC9zdmciPjwvc3ZnPg==\" style=\"--smush-placeholder-width: 960px; --smush-placeholder-aspect-ratio: 960\/500;\" \/><\/figure>\n<\/div>\n\n\n\n<div class=\"wp-block-column is-layout-flow wp-block-column-is-layout-flow\" style=\"flex-basis:33.33%\">\n<p>Accessoires de piscine Olympic fabrique des produits en plastique depuis 50 ans. Forts de cette exp\u00e9rience, nous sommes en mesure d&rsquo;offrir \u00e0 nos clients les produits pour spas et piscines les plus r\u00e9sistants et les plus fiables sur le march\u00e9\u2026 import\u00e9s, con\u00e7us, moul\u00e9s et assembl\u00e9s par nos soins.<br>La satisfaction de nos clients est une valeur fondamentale pour Accessoires de piscine Olympic. Nous nous effor\u00e7ons toujours d&rsquo;offrir \u00e0 nos clients une exp\u00e9rience optimale.<br>Accessoires de piscine Olympic importe et exporte depuis le Canada, l&rsquo;Europe, l&rsquo;Australie et de nombreux autres pays \u00e0 travers le monde.<\/p>\n<\/div>\n<\/div>\n<\/div><\/div><\/div>\n\n\n\n<div id=\"athemes-blocks-block-52672a88\" class=\"wp-block-athemes-athemes-blocks-block-container athemes-blocks-block athemes-blocks-block-52672a88 athemes-blocks-block-container alignfull\"><div class=\"athemes-blocks-block-container-wrapper athemes-blocks-block-container-bg-cover athemes-blocks-block-container-bg-effect-scroll\"><div class=\"athemes-blocks-block-container-wrapper-content\">\n<div class=\"wp-block-columns is-layout-flex wp-container-core-columns-is-layout-9d6595d7 wp-block-columns-is-layout-flex\">\n<div class=\"wp-block-column is-layout-flow wp-block-column-is-layout-flow\">\n<div class=\"wp-block-buttons is-horizontal is-content-justification-center is-layout-flex wp-container-core-buttons-is-layout-499968f5 wp-block-buttons-is-layout-flex\"><\/div>\n\n\n\n<h5 class=\"wp-block-heading has-text-align-center has-palette-4-color-5-color has-text-color\" id=\"pour-plus-d-informations-visitez\">Pour plus d&rsquo;informations, visitez:<\/h5>\n\n\n\n<div class=\"wp-block-buttons is-horizontal is-content-justification-center is-layout-flex wp-container-core-buttons-is-layout-499968f5 wp-block-buttons-is-layout-flex\">\n<div class=\"wp-block-button\"><a class=\"wp-block-button__link wp-element-button\" href=\"https:\/\/champlainplastics.com\/en\/index.html\" style=\"border-radius:10px\" target=\"_blank\" rel=\"noreferrer noopener\">champlainplastics.com<\/a><\/div>\n<\/div>\n<\/div>\n<\/div>\n<\/div><\/div><\/div>\n","protected":false},"excerpt":{"rendered":"","protected":false},"author":1,"featured_media":0,"parent":0,"menu_order":0,"comment_status":"closed","ping_status":"closed","template":"","meta":{"footnotes":""},"class_list":["post-1605","page","type-page","status-publish","hentry"],"yoast_head":"<!-- This site is optimized with the Yoast SEO plugin v27.1.1 - https:\/\/yoast.com\/product\/yoast-seo-wordpress\/ -->\n<title>\u00c0 propos - Olympic Pool Accessories<\/title>\n<meta name=\"robots\" content=\"index, follow, max-snippet:-1, max-image-preview:large, max-video-preview:-1\" \/>\n<link rel=\"canonical\" href=\"https:\/\/olympicaccessories.com\/fr\/a-propos\/\" \/>\n<meta property=\"og:locale\" content=\"fr_FR\" \/>\n<meta property=\"og:type\" content=\"article\" \/>\n<meta property=\"og:title\" content=\"\u00c0 propos - Olympic Pool Accessories\" \/>\n<meta property=\"og:url\" content=\"https:\/\/olympicaccessories.com\/fr\/a-propos\/\" \/>\n<meta property=\"og:site_name\" content=\"Olympic Pool Accessories\" \/>\n<meta property=\"article:modified_time\" content=\"2025-12-31T16:54:26+00:00\" \/>\n<meta property=\"og:image\" content=\"https:\/\/olympicaccessories.com\/wp-content\/uploads\/2025\/12\/olympicLogo50_364x128-01.png\" \/>\n\t<meta property=\"og:image:width\" content=\"1518\" \/>\n\t<meta property=\"og:image:height\" content=\"534\" \/>\n\t<meta property=\"og:image:type\" content=\"image\/png\" \/>\n<meta name=\"twitter:card\" content=\"summary_large_image\" \/>\n<meta name=\"twitter:label1\" content=\"Dur\u00e9e de lecture estim\u00e9e\" \/>\n\t<meta name=\"twitter:data1\" content=\"1 minute\" \/>\n<script type=\"application\/ld+json\" class=\"yoast-schema-graph\">{\"@context\":\"https:\/\/schema.org\",\"@graph\":[{\"@type\":\"WebPage\",\"@id\":\"https:\/\/olympicaccessories.com\/fr\/a-propos\/\",\"url\":\"https:\/\/olympicaccessories.com\/fr\/a-propos\/\",\"name\":\"\u00c0 propos - Olympic Pool Accessories\",\"isPartOf\":{\"@id\":\"https:\/\/olympicaccessories.com\/fr\/#website\"},\"primaryImageOfPage\":{\"@id\":\"https:\/\/olympicaccessories.com\/fr\/a-propos\/#primaryimage\"},\"image\":{\"@id\":\"https:\/\/olympicaccessories.com\/fr\/a-propos\/#primaryimage\"},\"thumbnailUrl\":\"https:\/\/olympicaccessories.com\/wp-content\/uploads\/2025\/12\/olympicLogo50_364x128-01-1024x360.png\",\"datePublished\":\"2021-12-28T16:32:23+00:00\",\"dateModified\":\"2025-12-31T16:54:26+00:00\",\"breadcrumb\":{\"@id\":\"https:\/\/olympicaccessories.com\/fr\/a-propos\/#breadcrumb\"},\"inLanguage\":\"fr-FR\",\"potentialAction\":[{\"@type\":\"ReadAction\",\"target\":[\"https:\/\/olympicaccessories.com\/fr\/a-propos\/\"]}]},{\"@type\":\"ImageObject\",\"inLanguage\":\"fr-FR\",\"@id\":\"https:\/\/olympicaccessories.com\/fr\/a-propos\/#primaryimage\",\"url\":\"https:\/\/olympicaccessories.com\/wp-content\/uploads\/2025\/12\/olympicLogo50_364x128-01-1024x360.png\",\"contentUrl\":\"https:\/\/olympicaccessories.com\/wp-content\/uploads\/2025\/12\/olympicLogo50_364x128-01-1024x360.png\"},{\"@type\":\"BreadcrumbList\",\"@id\":\"https:\/\/olympicaccessories.com\/fr\/a-propos\/#breadcrumb\",\"itemListElement\":[{\"@type\":\"ListItem\",\"position\":1,\"name\":\"Home\",\"item\":\"https:\/\/olympicaccessories.com\/fr\/\"},{\"@type\":\"ListItem\",\"position\":2,\"name\":\"\u00c0 propos\"}]},{\"@type\":\"WebSite\",\"@id\":\"https:\/\/olympicaccessories.com\/fr\/#website\",\"url\":\"https:\/\/olympicaccessories.com\/fr\/\",\"name\":\"Olympic Pool Accessories\",\"description\":\"Everything you need for your Pool and Spa\",\"publisher\":{\"@id\":\"https:\/\/olympicaccessories.com\/fr\/#organization\"},\"potentialAction\":[{\"@type\":\"SearchAction\",\"target\":{\"@type\":\"EntryPoint\",\"urlTemplate\":\"https:\/\/olympicaccessories.com\/fr\/?s={search_term_string}\"},\"query-input\":{\"@type\":\"PropertyValueSpecification\",\"valueRequired\":true,\"valueName\":\"search_term_string\"}}],\"inLanguage\":\"fr-FR\"},{\"@type\":\"Organization\",\"@id\":\"https:\/\/olympicaccessories.com\/fr\/#organization\",\"name\":\"Olympic Pool Accessories\",\"url\":\"https:\/\/olympicaccessories.com\/fr\/\",\"logo\":{\"@type\":\"ImageObject\",\"inLanguage\":\"fr-FR\",\"@id\":\"https:\/\/olympicaccessories.com\/fr\/#\/schema\/logo\/image\/\",\"url\":\"https:\/\/olympicaccessories.com\/wp-content\/uploads\/2025\/12\/olympicLogo50_364x128-02.png\",\"contentUrl\":\"https:\/\/olympicaccessories.com\/wp-content\/uploads\/2025\/12\/olympicLogo50_364x128-02.png\",\"width\":1518,\"height\":535,\"caption\":\"Olympic Pool Accessories\"},\"image\":{\"@id\":\"https:\/\/olympicaccessories.com\/fr\/#\/schema\/logo\/image\/\"}}]}<\/script>\n<!-- \/ Yoast SEO plugin. -->","yoast_head_json":{"title":"\u00c0 propos - Olympic Pool Accessories","robots":{"index":"index","follow":"follow","max-snippet":"max-snippet:-1","max-image-preview":"max-image-preview:large","max-video-preview":"max-video-preview:-1"},"canonical":"https:\/\/olympicaccessories.com\/fr\/a-propos\/","og_locale":"fr_FR","og_type":"article","og_title":"\u00c0 propos - Olympic Pool Accessories","og_url":"https:\/\/olympicaccessories.com\/fr\/a-propos\/","og_site_name":"Olympic Pool Accessories","article_modified_time":"2025-12-31T16:54:26+00:00","og_image":[{"width":1518,"height":534,"url":"https:\/\/olympicaccessories.com\/wp-content\/uploads\/2025\/12\/olympicLogo50_364x128-01.png","type":"image\/png"}],"twitter_card":"summary_large_image","twitter_misc":{"Dur\u00e9e de lecture estim\u00e9e":"1 minute"},"schema":{"@context":"https:\/\/schema.org","@graph":[{"@type":"WebPage","@id":"https:\/\/olympicaccessories.com\/fr\/a-propos\/","url":"https:\/\/olympicaccessories.com\/fr\/a-propos\/","name":"\u00c0 propos - Olympic Pool Accessories","isPartOf":{"@id":"https:\/\/olympicaccessories.com\/fr\/#website"},"primaryImageOfPage":{"@id":"https:\/\/olympicaccessories.com\/fr\/a-propos\/#primaryimage"},"image":{"@id":"https:\/\/olympicaccessories.com\/fr\/a-propos\/#primaryimage"},"thumbnailUrl":"https:\/\/olympicaccessories.com\/wp-content\/uploads\/2025\/12\/olympicLogo50_364x128-01-1024x360.png","datePublished":"2021-12-28T16:32:23+00:00","dateModified":"2025-12-31T16:54:26+00:00","breadcrumb":{"@id":"https:\/\/olympicaccessories.com\/fr\/a-propos\/#breadcrumb"},"inLanguage":"fr-FR","potentialAction":[{"@type":"ReadAction","target":["https:\/\/olympicaccessories.com\/fr\/a-propos\/"]}]},{"@type":"ImageObject","inLanguage":"fr-FR","@id":"https:\/\/olympicaccessories.com\/fr\/a-propos\/#primaryimage","url":"https:\/\/olympicaccessories.com\/wp-content\/uploads\/2025\/12\/olympicLogo50_364x128-01-1024x360.png","contentUrl":"https:\/\/olympicaccessories.com\/wp-content\/uploads\/2025\/12\/olympicLogo50_364x128-01-1024x360.png"},{"@type":"BreadcrumbList","@id":"https:\/\/olympicaccessories.com\/fr\/a-propos\/#breadcrumb","itemListElement":[{"@type":"ListItem","position":1,"name":"Home","item":"https:\/\/olympicaccessories.com\/fr\/"},{"@type":"ListItem","position":2,"name":"\u00c0 propos"}]},{"@type":"WebSite","@id":"https:\/\/olympicaccessories.com\/fr\/#website","url":"https:\/\/olympicaccessories.com\/fr\/","name":"Olympic Pool Accessories","description":"Everything you need for your Pool and Spa","publisher":{"@id":"https:\/\/olympicaccessories.com\/fr\/#organization"},"potentialAction":[{"@type":"SearchAction","target":{"@type":"EntryPoint","urlTemplate":"https:\/\/olympicaccessories.com\/fr\/?s={search_term_string}"},"query-input":{"@type":"PropertyValueSpecification","valueRequired":true,"valueName":"search_term_string"}}],"inLanguage":"fr-FR"},{"@type":"Organization","@id":"https:\/\/olympicaccessories.com\/fr\/#organization","name":"Olympic Pool Accessories","url":"https:\/\/olympicaccessories.com\/fr\/","logo":{"@type":"ImageObject","inLanguage":"fr-FR","@id":"https:\/\/olympicaccessories.com\/fr\/#\/schema\/logo\/image\/","url":"https:\/\/olympicaccessories.com\/wp-content\/uploads\/2025\/12\/olympicLogo50_364x128-02.png","contentUrl":"https:\/\/olympicaccessories.com\/wp-content\/uploads\/2025\/12\/olympicLogo50_364x128-02.png","width":1518,"height":535,"caption":"Olympic Pool Accessories"},"image":{"@id":"https:\/\/olympicaccessories.com\/fr\/#\/schema\/logo\/image\/"}}]}},"_links":{"self":[{"href":"https:\/\/olympicaccessories.com\/fr\/wp-json\/wp\/v2\/pages\/1605","targetHints":{"allow":["GET"]}}],"collection":[{"href":"https:\/\/olympicaccessories.com\/fr\/wp-json\/wp\/v2\/pages"}],"about":[{"href":"https:\/\/olympicaccessories.com\/fr\/wp-json\/wp\/v2\/types\/page"}],"author":[{"embeddable":true,"href":"https:\/\/olympicaccessories.com\/fr\/wp-json\/wp\/v2\/users\/1"}],"replies":[{"embeddable":true,"href":"https:\/\/olympicaccessories.com\/fr\/wp-json\/wp\/v2\/comments?post=1605"}],"version-history":[{"count":1,"href":"https:\/\/olympicaccessories.com\/fr\/wp-json\/wp\/v2\/pages\/1605\/revisions"}],"predecessor-version":[{"id":4746,"href":"https:\/\/olympicaccessories.com\/fr\/wp-json\/wp\/v2\/pages\/1605\/revisions\/4746"}],"wp:attachment":[{"href":"https:\/\/olympicaccessories.com\/fr\/wp-json\/wp\/v2\/media?parent=1605"}],"curies":[{"name":"wp","href":"https:\/\/api.w.org\/{rel}","templated":true}]}}