{"id":3814,"date":"2024-07-13T16:56:43","date_gmt":"2024-07-13T16:56:43","guid":{"rendered":"https:\/\/olympicaccessories.com\/?page_id=3814"},"modified":"2024-07-14T19:39:19","modified_gmt":"2024-07-14T19:39:19","slug":"livraison-et-retours","status":"publish","type":"page","link":"https:\/\/olympicaccessories.com\/fr\/livraison-et-retours\/","title":{"rendered":"Politique de livraison"},"content":{"rendered":"\n<p>Veuillez noter que nos heures d&rsquo;ouverture sont du lundi au vendredi, de 9h \u00e0 17h EST.<\/p>\n\n\n\n<div class=\"wp-block-columns is-layout-flex wp-container-core-columns-is-layout-9d6595d7 wp-block-columns-is-layout-flex\">\n<div class=\"wp-block-column is-layout-flow wp-block-column-is-layout-flow\">\n<h3 class=\"wp-block-heading has-color-1-color has-text-color has-link-color wp-elements-bce2e6b6aebca69c01dfa2df4a858c5b\">Monnaie<\/h3>\n\n\n\n<p>Tous les prix sont en CAD<\/p>\n\n\n\n<h3 class=\"wp-block-heading has-color-1-color has-text-color has-link-color wp-elements-a8e2ce49e1e13dab41ae6d9c58a6eff7\">Livraison<\/h3>\n\n\n\n<p>La livraison est GRATUITE<br>Tous les articles sont exp\u00e9di\u00e9s par UPS. (IMPORTANT: UPS exp\u00e9dions uniquement \u00e0 une adresse municipale valide et ne livrons pas aux cases postales.)<br>Veuillez pr\u00e9voir 10 jours ouvrables pour le traitement et l&rsquo;exp\u00e9dition de votre commande.<br>Nous vous contacterons par e-mail en cas de probl\u00e8me avec votre commande.<\/p>\n\n\n\n<h3 class=\"wp-block-heading has-color-1-color has-text-color has-link-color wp-elements-4ff4718c64a43c9e3032461c5bfee095\">Retours<\/h3>\n\n\n\n<p>Les retours ne sont pas accept\u00e9s.<\/p>\n<\/div>\n<\/div>\n\n\n\n<div class=\"wp-block-buttons is-layout-flex wp-block-buttons-is-layout-flex\">\n<div class=\"wp-block-button\"><a class=\"wp-block-button__link wp-element-button\" href=\"https:\/\/olympicaccessories.com\/fr\/comment-pouvons-nous-vous-aider\/\" target=\"_blank\" rel=\"noreferrer noopener\">QUESTION? Contactez-nous<\/a><\/div>\n<\/div>\n","protected":false},"excerpt":{"rendered":"<p>Veuillez noter que nos heures d&rsquo;ouverture sont du lundi au vendredi, de 9h \u00e0 17h EST. Monnaie Tous les prix sont en CAD Livraison La livraison est GRATUITETous les articles [&hellip;]<\/p>\n","protected":false},"author":1,"featured_media":0,"parent":0,"menu_order":0,"comment_status":"closed","ping_status":"closed","template":"","meta":{"footnotes":""},"class_list":["post-3814","page","type-page","status-publish","hentry"],"yoast_head":"<!-- This site is optimized with the Yoast SEO plugin v27.1.1 - https:\/\/yoast.com\/product\/yoast-seo-wordpress\/ -->\n<title>Politique de livraison - Olympic Pool Accessories<\/title>\n<meta name=\"robots\" content=\"index, follow, max-snippet:-1, max-image-preview:large, max-video-preview:-1\" \/>\n<link rel=\"canonical\" href=\"https:\/\/olympicaccessories.com\/fr\/livraison-et-retours\/\" \/>\n<meta property=\"og:locale\" content=\"fr_FR\" \/>\n<meta property=\"og:type\" content=\"article\" \/>\n<meta property=\"og:title\" content=\"Politique de livraison - Olympic Pool Accessories\" \/>\n<meta property=\"og:description\" content=\"Veuillez noter que nos heures d&rsquo;ouverture sont du lundi au vendredi, de 9h \u00e0 17h EST. Monnaie Tous les prix sont en CAD Livraison La livraison est GRATUITETous les articles [&hellip;]\" \/>\n<meta property=\"og:url\" content=\"https:\/\/olympicaccessories.com\/fr\/livraison-et-retours\/\" \/>\n<meta property=\"og:site_name\" content=\"Olympic Pool Accessories\" \/>\n<meta property=\"article:modified_time\" content=\"2024-07-14T19:39:19+00:00\" \/>\n<meta name=\"twitter:card\" content=\"summary_large_image\" \/>\n<meta name=\"twitter:label1\" content=\"Dur\u00e9e de lecture estim\u00e9e\" \/>\n\t<meta name=\"twitter:data1\" content=\"1 minute\" \/>\n<script type=\"application\/ld+json\" class=\"yoast-schema-graph\">{\"@context\":\"https:\/\/schema.org\",\"@graph\":[{\"@type\":\"WebPage\",\"@id\":\"https:\/\/olympicaccessories.com\/fr\/livraison-et-retours\/\",\"url\":\"https:\/\/olympicaccessories.com\/fr\/livraison-et-retours\/\",\"name\":\"Politique de livraison - Olympic Pool Accessories\",\"isPartOf\":{\"@id\":\"https:\/\/olympicaccessories.com\/fr\/#website\"},\"datePublished\":\"2024-07-13T16:56:43+00:00\",\"dateModified\":\"2024-07-14T19:39:19+00:00\",\"breadcrumb\":{\"@id\":\"https:\/\/olympicaccessories.com\/fr\/livraison-et-retours\/#breadcrumb\"},\"inLanguage\":\"fr-FR\",\"potentialAction\":[{\"@type\":\"ReadAction\",\"target\":[\"https:\/\/olympicaccessories.com\/fr\/livraison-et-retours\/\"]}]},{\"@type\":\"BreadcrumbList\",\"@id\":\"https:\/\/olympicaccessories.com\/fr\/livraison-et-retours\/#breadcrumb\",\"itemListElement\":[{\"@type\":\"ListItem\",\"position\":1,\"name\":\"Home\",\"item\":\"https:\/\/olympicaccessories.com\/fr\/\"},{\"@type\":\"ListItem\",\"position\":2,\"name\":\"Politique de livraison\"}]},{\"@type\":\"WebSite\",\"@id\":\"https:\/\/olympicaccessories.com\/fr\/#website\",\"url\":\"https:\/\/olympicaccessories.com\/fr\/\",\"name\":\"Olympic Pool Accessories\",\"description\":\"Everything you need for your Pool and Spa\",\"publisher\":{\"@id\":\"https:\/\/olympicaccessories.com\/fr\/#organization\"},\"potentialAction\":[{\"@type\":\"SearchAction\",\"target\":{\"@type\":\"EntryPoint\",\"urlTemplate\":\"https:\/\/olympicaccessories.com\/fr\/?s={search_term_string}\"},\"query-input\":{\"@type\":\"PropertyValueSpecification\",\"valueRequired\":true,\"valueName\":\"search_term_string\"}}],\"inLanguage\":\"fr-FR\"},{\"@type\":\"Organization\",\"@id\":\"https:\/\/olympicaccessories.com\/fr\/#organization\",\"name\":\"Olympic Pool Accessories\",\"url\":\"https:\/\/olympicaccessories.com\/fr\/\",\"logo\":{\"@type\":\"ImageObject\",\"inLanguage\":\"fr-FR\",\"@id\":\"https:\/\/olympicaccessories.com\/fr\/#\/schema\/logo\/image\/\",\"url\":\"https:\/\/olympicaccessories.com\/wp-content\/uploads\/2025\/12\/olympicLogo50_364x128-02.png\",\"contentUrl\":\"https:\/\/olympicaccessories.com\/wp-content\/uploads\/2025\/12\/olympicLogo50_364x128-02.png\",\"width\":1518,\"height\":535,\"caption\":\"Olympic Pool Accessories\"},\"image\":{\"@id\":\"https:\/\/olympicaccessories.com\/fr\/#\/schema\/logo\/image\/\"}}]}<\/script>\n<!-- \/ Yoast SEO plugin. -->","yoast_head_json":{"title":"Politique de livraison - Olympic Pool Accessories","robots":{"index":"index","follow":"follow","max-snippet":"max-snippet:-1","max-image-preview":"max-image-preview:large","max-video-preview":"max-video-preview:-1"},"canonical":"https:\/\/olympicaccessories.com\/fr\/livraison-et-retours\/","og_locale":"fr_FR","og_type":"article","og_title":"Politique de livraison - Olympic Pool Accessories","og_description":"Veuillez noter que nos heures d&rsquo;ouverture sont du lundi au vendredi, de 9h \u00e0 17h EST. Monnaie Tous les prix sont en CAD Livraison La livraison est GRATUITETous les articles [&hellip;]","og_url":"https:\/\/olympicaccessories.com\/fr\/livraison-et-retours\/","og_site_name":"Olympic Pool Accessories","article_modified_time":"2024-07-14T19:39:19+00:00","twitter_card":"summary_large_image","twitter_misc":{"Dur\u00e9e de lecture estim\u00e9e":"1 minute"},"schema":{"@context":"https:\/\/schema.org","@graph":[{"@type":"WebPage","@id":"https:\/\/olympicaccessories.com\/fr\/livraison-et-retours\/","url":"https:\/\/olympicaccessories.com\/fr\/livraison-et-retours\/","name":"Politique de livraison - Olympic Pool Accessories","isPartOf":{"@id":"https:\/\/olympicaccessories.com\/fr\/#website"},"datePublished":"2024-07-13T16:56:43+00:00","dateModified":"2024-07-14T19:39:19+00:00","breadcrumb":{"@id":"https:\/\/olympicaccessories.com\/fr\/livraison-et-retours\/#breadcrumb"},"inLanguage":"fr-FR","potentialAction":[{"@type":"ReadAction","target":["https:\/\/olympicaccessories.com\/fr\/livraison-et-retours\/"]}]},{"@type":"BreadcrumbList","@id":"https:\/\/olympicaccessories.com\/fr\/livraison-et-retours\/#breadcrumb","itemListElement":[{"@type":"ListItem","position":1,"name":"Home","item":"https:\/\/olympicaccessories.com\/fr\/"},{"@type":"ListItem","position":2,"name":"Politique de livraison"}]},{"@type":"WebSite","@id":"https:\/\/olympicaccessories.com\/fr\/#website","url":"https:\/\/olympicaccessories.com\/fr\/","name":"Olympic Pool Accessories","description":"Everything you need for your Pool and Spa","publisher":{"@id":"https:\/\/olympicaccessories.com\/fr\/#organization"},"potentialAction":[{"@type":"SearchAction","target":{"@type":"EntryPoint","urlTemplate":"https:\/\/olympicaccessories.com\/fr\/?s={search_term_string}"},"query-input":{"@type":"PropertyValueSpecification","valueRequired":true,"valueName":"search_term_string"}}],"inLanguage":"fr-FR"},{"@type":"Organization","@id":"https:\/\/olympicaccessories.com\/fr\/#organization","name":"Olympic Pool Accessories","url":"https:\/\/olympicaccessories.com\/fr\/","logo":{"@type":"ImageObject","inLanguage":"fr-FR","@id":"https:\/\/olympicaccessories.com\/fr\/#\/schema\/logo\/image\/","url":"https:\/\/olympicaccessories.com\/wp-content\/uploads\/2025\/12\/olympicLogo50_364x128-02.png","contentUrl":"https:\/\/olympicaccessories.com\/wp-content\/uploads\/2025\/12\/olympicLogo50_364x128-02.png","width":1518,"height":535,"caption":"Olympic Pool Accessories"},"image":{"@id":"https:\/\/olympicaccessories.com\/fr\/#\/schema\/logo\/image\/"}}]}},"_links":{"self":[{"href":"https:\/\/olympicaccessories.com\/fr\/wp-json\/wp\/v2\/pages\/3814","targetHints":{"allow":["GET"]}}],"collection":[{"href":"https:\/\/olympicaccessories.com\/fr\/wp-json\/wp\/v2\/pages"}],"about":[{"href":"https:\/\/olympicaccessories.com\/fr\/wp-json\/wp\/v2\/types\/page"}],"author":[{"embeddable":true,"href":"https:\/\/olympicaccessories.com\/fr\/wp-json\/wp\/v2\/users\/1"}],"replies":[{"embeddable":true,"href":"https:\/\/olympicaccessories.com\/fr\/wp-json\/wp\/v2\/comments?post=3814"}],"version-history":[{"count":0,"href":"https:\/\/olympicaccessories.com\/fr\/wp-json\/wp\/v2\/pages\/3814\/revisions"}],"wp:attachment":[{"href":"https:\/\/olympicaccessories.com\/fr\/wp-json\/wp\/v2\/media?parent=3814"}],"curies":[{"name":"wp","href":"https:\/\/api.w.org\/{rel}","templated":true}]}}