{"id":1738,"date":"2022-01-03T19:48:14","date_gmt":"2022-01-03T19:48:14","guid":{"rendered":"https:\/\/olympicaccessories.com\/product\/lumiere-del-ultra-brillante-multicolore\/"},"modified":"2022-11-02T18:55:09","modified_gmt":"2022-11-02T18:55:09","slug":"ultra-bright-multi-colored-led-light-4","status":"publish","type":"product","link":"https:\/\/olympicaccessories.com\/fr\/produit\/ultra-bright-multi-colored-led-light-4\/","title":{"rendered":"Lumi\u00e8re DEL ultra brillante multicolore"},"content":{"rendered":"<p>Comprend : t\u00e9l\u00e9commande; 7,6m de c\u00e2ble; \u0153illet\/rondelle<br \/>\nConvient \u00e0 toutes les \u00e9cumoires grande bouche (non inclus).<br \/>\nDisponible en blanc ou gris<\/p>\n","protected":false},"excerpt":{"rendered":"<p>Cache-vis d\u00e9coratif avec t\u00e9l\u00e9commande<\/p>\n<h4><a href=\"https:\/\/champlainplastics.com\/img\/Instructions\/INS-ACM197.pdf\" target=\"_blank\" rel=\"noopener\">Instructions d&rsquo;installation (PDF)<\/a><\/h4>\n<h4><a href=\"https:\/\/champlainplastics.com\/img\/Instructions\/INS-REMOTE.pdf\" target=\"_blank\" rel=\"noopener\">T\u00e9l\u00e9commande (PDF)<\/a><\/h4>\n","protected":false},"featured_media":1438,"template":"","meta":[],"product_brand":[],"product_cat":[72],"product_tag":[65,63],"class_list":{"0":"post-1738","1":"product","2":"type-product","3":"status-publish","4":"has-post-thumbnail","6":"product_cat-lumieres","7":"product_tag-lumieres","8":"product_tag-piscine-hors-terre","10":"first","11":"outofstock","12":"featured","13":"taxable","14":"shipping-taxable","15":"product-type-simple"},"yoast_head":"<!-- This site is optimized with the Yoast SEO plugin v27.1.1 - https:\/\/yoast.com\/product\/yoast-seo-wordpress\/ -->\n<title>Lumi\u00e8re DEL ultra brillante multicolore - Olympic Pool Accessories<\/title>\n<meta name=\"robots\" content=\"index, follow, max-snippet:-1, max-image-preview:large, max-video-preview:-1\" \/>\n<link rel=\"canonical\" href=\"https:\/\/olympicaccessories.com\/fr\/produit\/ultra-bright-multi-colored-led-light-4\/\" \/>\n<meta property=\"og:locale\" content=\"fr_FR\" \/>\n<meta property=\"og:type\" content=\"article\" \/>\n<meta property=\"og:title\" content=\"Lumi\u00e8re DEL ultra brillante multicolore - Olympic Pool Accessories\" \/>\n<meta property=\"og:description\" content=\"Cache-vis d\u00e9coratif avec t\u00e9l\u00e9commande Instructions d&#039;installation (PDF) T\u00e9l\u00e9commande (PDF)\" \/>\n<meta property=\"og:url\" content=\"https:\/\/olympicaccessories.com\/fr\/produit\/ultra-bright-multi-colored-led-light-4\/\" \/>\n<meta property=\"og:site_name\" content=\"Olympic Pool Accessories\" \/>\n<meta property=\"article:modified_time\" content=\"2022-11-02T18:55:09+00:00\" \/>\n<meta property=\"og:image\" content=\"https:\/\/olympicaccessories.com\/wp-content\/uploads\/2022\/01\/ACM197Cb.jpg\" \/>\n\t<meta property=\"og:image:width\" content=\"800\" \/>\n\t<meta property=\"og:image:height\" content=\"800\" \/>\n\t<meta property=\"og:image:type\" content=\"image\/jpeg\" \/>\n<meta name=\"twitter:card\" content=\"summary_large_image\" \/>\n<script type=\"application\/ld+json\" class=\"yoast-schema-graph\">{\"@context\":\"https:\/\/schema.org\",\"@graph\":[{\"@type\":\"WebPage\",\"@id\":\"https:\/\/olympicaccessories.com\/fr\/produit\/ultra-bright-multi-colored-led-light-4\/\",\"url\":\"https:\/\/olympicaccessories.com\/fr\/produit\/ultra-bright-multi-colored-led-light-4\/\",\"name\":\"Lumi\u00e8re DEL ultra brillante multicolore - Olympic Pool Accessories\",\"isPartOf\":{\"@id\":\"https:\/\/olympicaccessories.com\/fr\/#website\"},\"primaryImageOfPage\":{\"@id\":\"https:\/\/olympicaccessories.com\/fr\/produit\/ultra-bright-multi-colored-led-light-4\/#primaryimage\"},\"image\":{\"@id\":\"https:\/\/olympicaccessories.com\/fr\/produit\/ultra-bright-multi-colored-led-light-4\/#primaryimage\"},\"thumbnailUrl\":\"https:\/\/olympicaccessories.com\/wp-content\/uploads\/2022\/01\/ACM197Cb.jpg\",\"datePublished\":\"2022-01-03T19:48:14+00:00\",\"dateModified\":\"2022-11-02T18:55:09+00:00\",\"breadcrumb\":{\"@id\":\"https:\/\/olympicaccessories.com\/fr\/produit\/ultra-bright-multi-colored-led-light-4\/#breadcrumb\"},\"inLanguage\":\"fr-FR\",\"potentialAction\":[{\"@type\":\"ReadAction\",\"target\":[\"https:\/\/olympicaccessories.com\/fr\/produit\/ultra-bright-multi-colored-led-light-4\/\"]}]},{\"@type\":\"ImageObject\",\"inLanguage\":\"fr-FR\",\"@id\":\"https:\/\/olympicaccessories.com\/fr\/produit\/ultra-bright-multi-colored-led-light-4\/#primaryimage\",\"url\":\"https:\/\/olympicaccessories.com\/wp-content\/uploads\/2022\/01\/ACM197Cb.jpg\",\"contentUrl\":\"https:\/\/olympicaccessories.com\/wp-content\/uploads\/2022\/01\/ACM197Cb.jpg\",\"width\":800,\"height\":800,\"caption\":\"ACM-197C\"},{\"@type\":\"BreadcrumbList\",\"@id\":\"https:\/\/olympicaccessories.com\/fr\/produit\/ultra-bright-multi-colored-led-light-4\/#breadcrumb\",\"itemListElement\":[{\"@type\":\"ListItem\",\"position\":1,\"name\":\"Home\",\"item\":\"https:\/\/olympicaccessories.com\/fr\/\"},{\"@type\":\"ListItem\",\"position\":2,\"name\":\"Nos produits\",\"item\":\"https:\/\/olympicaccessories.com\/fr\/produits\/\"},{\"@type\":\"ListItem\",\"position\":3,\"name\":\"Lumi\u00e8re DEL ultra brillante multicolore\"}]},{\"@type\":\"WebSite\",\"@id\":\"https:\/\/olympicaccessories.com\/fr\/#website\",\"url\":\"https:\/\/olympicaccessories.com\/fr\/\",\"name\":\"Olympic Pool Accessories\",\"description\":\"Everything you need for your Pool and Spa\",\"publisher\":{\"@id\":\"https:\/\/olympicaccessories.com\/fr\/#organization\"},\"potentialAction\":[{\"@type\":\"SearchAction\",\"target\":{\"@type\":\"EntryPoint\",\"urlTemplate\":\"https:\/\/olympicaccessories.com\/fr\/?s={search_term_string}\"},\"query-input\":{\"@type\":\"PropertyValueSpecification\",\"valueRequired\":true,\"valueName\":\"search_term_string\"}}],\"inLanguage\":\"fr-FR\"},{\"@type\":\"Organization\",\"@id\":\"https:\/\/olympicaccessories.com\/fr\/#organization\",\"name\":\"Olympic Pool Accessories\",\"url\":\"https:\/\/olympicaccessories.com\/fr\/\",\"logo\":{\"@type\":\"ImageObject\",\"inLanguage\":\"fr-FR\",\"@id\":\"https:\/\/olympicaccessories.com\/fr\/#\/schema\/logo\/image\/\",\"url\":\"https:\/\/olympicaccessories.com\/wp-content\/uploads\/2025\/12\/olympicLogo50_364x128-02.png\",\"contentUrl\":\"https:\/\/olympicaccessories.com\/wp-content\/uploads\/2025\/12\/olympicLogo50_364x128-02.png\",\"width\":1518,\"height\":535,\"caption\":\"Olympic Pool Accessories\"},\"image\":{\"@id\":\"https:\/\/olympicaccessories.com\/fr\/#\/schema\/logo\/image\/\"}}]}<\/script>\n<!-- \/ Yoast SEO plugin. -->","yoast_head_json":{"title":"Lumi\u00e8re DEL ultra brillante multicolore - Olympic Pool Accessories","robots":{"index":"index","follow":"follow","max-snippet":"max-snippet:-1","max-image-preview":"max-image-preview:large","max-video-preview":"max-video-preview:-1"},"canonical":"https:\/\/olympicaccessories.com\/fr\/produit\/ultra-bright-multi-colored-led-light-4\/","og_locale":"fr_FR","og_type":"article","og_title":"Lumi\u00e8re DEL ultra brillante multicolore - Olympic Pool Accessories","og_description":"Cache-vis d\u00e9coratif avec t\u00e9l\u00e9commande Instructions d'installation (PDF) T\u00e9l\u00e9commande (PDF)","og_url":"https:\/\/olympicaccessories.com\/fr\/produit\/ultra-bright-multi-colored-led-light-4\/","og_site_name":"Olympic Pool Accessories","article_modified_time":"2022-11-02T18:55:09+00:00","og_image":[{"width":800,"height":800,"url":"https:\/\/olympicaccessories.com\/wp-content\/uploads\/2022\/01\/ACM197Cb.jpg","type":"image\/jpeg"}],"twitter_card":"summary_large_image","schema":{"@context":"https:\/\/schema.org","@graph":[{"@type":"WebPage","@id":"https:\/\/olympicaccessories.com\/fr\/produit\/ultra-bright-multi-colored-led-light-4\/","url":"https:\/\/olympicaccessories.com\/fr\/produit\/ultra-bright-multi-colored-led-light-4\/","name":"Lumi\u00e8re DEL ultra brillante multicolore - Olympic Pool Accessories","isPartOf":{"@id":"https:\/\/olympicaccessories.com\/fr\/#website"},"primaryImageOfPage":{"@id":"https:\/\/olympicaccessories.com\/fr\/produit\/ultra-bright-multi-colored-led-light-4\/#primaryimage"},"image":{"@id":"https:\/\/olympicaccessories.com\/fr\/produit\/ultra-bright-multi-colored-led-light-4\/#primaryimage"},"thumbnailUrl":"https:\/\/olympicaccessories.com\/wp-content\/uploads\/2022\/01\/ACM197Cb.jpg","datePublished":"2022-01-03T19:48:14+00:00","dateModified":"2022-11-02T18:55:09+00:00","breadcrumb":{"@id":"https:\/\/olympicaccessories.com\/fr\/produit\/ultra-bright-multi-colored-led-light-4\/#breadcrumb"},"inLanguage":"fr-FR","potentialAction":[{"@type":"ReadAction","target":["https:\/\/olympicaccessories.com\/fr\/produit\/ultra-bright-multi-colored-led-light-4\/"]}]},{"@type":"ImageObject","inLanguage":"fr-FR","@id":"https:\/\/olympicaccessories.com\/fr\/produit\/ultra-bright-multi-colored-led-light-4\/#primaryimage","url":"https:\/\/olympicaccessories.com\/wp-content\/uploads\/2022\/01\/ACM197Cb.jpg","contentUrl":"https:\/\/olympicaccessories.com\/wp-content\/uploads\/2022\/01\/ACM197Cb.jpg","width":800,"height":800,"caption":"ACM-197C"},{"@type":"BreadcrumbList","@id":"https:\/\/olympicaccessories.com\/fr\/produit\/ultra-bright-multi-colored-led-light-4\/#breadcrumb","itemListElement":[{"@type":"ListItem","position":1,"name":"Home","item":"https:\/\/olympicaccessories.com\/fr\/"},{"@type":"ListItem","position":2,"name":"Nos produits","item":"https:\/\/olympicaccessories.com\/fr\/produits\/"},{"@type":"ListItem","position":3,"name":"Lumi\u00e8re DEL ultra brillante multicolore"}]},{"@type":"WebSite","@id":"https:\/\/olympicaccessories.com\/fr\/#website","url":"https:\/\/olympicaccessories.com\/fr\/","name":"Olympic Pool Accessories","description":"Everything you need for your Pool and Spa","publisher":{"@id":"https:\/\/olympicaccessories.com\/fr\/#organization"},"potentialAction":[{"@type":"SearchAction","target":{"@type":"EntryPoint","urlTemplate":"https:\/\/olympicaccessories.com\/fr\/?s={search_term_string}"},"query-input":{"@type":"PropertyValueSpecification","valueRequired":true,"valueName":"search_term_string"}}],"inLanguage":"fr-FR"},{"@type":"Organization","@id":"https:\/\/olympicaccessories.com\/fr\/#organization","name":"Olympic Pool Accessories","url":"https:\/\/olympicaccessories.com\/fr\/","logo":{"@type":"ImageObject","inLanguage":"fr-FR","@id":"https:\/\/olympicaccessories.com\/fr\/#\/schema\/logo\/image\/","url":"https:\/\/olympicaccessories.com\/wp-content\/uploads\/2025\/12\/olympicLogo50_364x128-02.png","contentUrl":"https:\/\/olympicaccessories.com\/wp-content\/uploads\/2025\/12\/olympicLogo50_364x128-02.png","width":1518,"height":535,"caption":"Olympic Pool Accessories"},"image":{"@id":"https:\/\/olympicaccessories.com\/fr\/#\/schema\/logo\/image\/"}}]}},"_links":{"self":[{"href":"https:\/\/olympicaccessories.com\/fr\/wp-json\/wp\/v2\/product\/1738","targetHints":{"allow":["GET"]}}],"collection":[{"href":"https:\/\/olympicaccessories.com\/fr\/wp-json\/wp\/v2\/product"}],"about":[{"href":"https:\/\/olympicaccessories.com\/fr\/wp-json\/wp\/v2\/types\/product"}],"wp:featuredmedia":[{"embeddable":true,"href":"https:\/\/olympicaccessories.com\/fr\/wp-json\/wp\/v2\/media\/1438"}],"wp:attachment":[{"href":"https:\/\/olympicaccessories.com\/fr\/wp-json\/wp\/v2\/media?parent=1738"}],"wp:term":[{"taxonomy":"product_brand","embeddable":true,"href":"https:\/\/olympicaccessories.com\/fr\/wp-json\/wp\/v2\/product_brand?post=1738"},{"taxonomy":"product_cat","embeddable":true,"href":"https:\/\/olympicaccessories.com\/fr\/wp-json\/wp\/v2\/product_cat?post=1738"},{"taxonomy":"product_tag","embeddable":true,"href":"https:\/\/olympicaccessories.com\/fr\/wp-json\/wp\/v2\/product_tag?post=1738"}],"curies":[{"name":"wp","href":"https:\/\/api.w.org\/{rel}","templated":true}]}}