{"id":1812,"date":"2022-01-03T19:48:10","date_gmt":"2022-01-03T19:48:10","guid":{"rendered":"https:\/\/olympicaccessories.com\/product\/boyau-daspirateur-eva-de-qualite-superieur\/"},"modified":"2022-10-28T20:33:07","modified_gmt":"2022-10-28T20:33:07","slug":"premium-eva-vacuum-hose-2-2","status":"publish","type":"product","link":"https:\/\/olympicaccessories.com\/fr\/produit\/premium-eva-vacuum-hose-2-2\/","title":{"rendered":"Boyau d\u2019aspirateur EVA de qualit\u00e9 sup\u00e9rieur"},"content":{"rendered":"<p>Embout pivotant \u00e0 une extr\u00e9mit\u00e9<\/p>\n<p>CHB201: 25\u2019 \/ 7,6m<br \/>\nCHB202: 30\u2019 \/ 9,1m<br \/>\nCHB203: 35\u2019 \/ 10,6m<br \/>\nCHB205: 40\u2019 \/ 12,1m<br \/>\nCHB207: 45\u2019 \/ 13,7m<\/p>\n","protected":false},"excerpt":{"rendered":"<p>1-1\/2\u201d (38 mm)<\/p>\n","protected":false},"featured_media":1501,"template":"","meta":[],"product_brand":[],"product_cat":[75],"product_tag":[84,67,63],"class_list":{"0":"post-1812","1":"product","2":"type-product","3":"status-publish","4":"has-post-thumbnail","6":"product_cat-boyaux","7":"product_tag-boyaux","8":"product_tag-piscine-creusee","9":"product_tag-piscine-hors-terre","11":"first","12":"outofstock","13":"featured","14":"taxable","15":"shipping-taxable","16":"product-type-simple"},"yoast_head":"<!-- This site is optimized with the Yoast SEO plugin v27.1.1 - https:\/\/yoast.com\/product\/yoast-seo-wordpress\/ -->\n<title>Boyau d\u2019aspirateur EVA de qualit\u00e9 sup\u00e9rieur - Olympic Pool Accessories<\/title>\n<meta name=\"robots\" content=\"index, follow, max-snippet:-1, max-image-preview:large, max-video-preview:-1\" \/>\n<link rel=\"canonical\" href=\"https:\/\/olympicaccessories.com\/fr\/produit\/premium-eva-vacuum-hose-2-2\/\" \/>\n<meta property=\"og:locale\" content=\"fr_FR\" \/>\n<meta property=\"og:type\" content=\"article\" \/>\n<meta property=\"og:title\" content=\"Boyau d\u2019aspirateur EVA de qualit\u00e9 sup\u00e9rieur - Olympic Pool Accessories\" \/>\n<meta property=\"og:description\" content=\"1-1\/2\u201d (38 mm)\" \/>\n<meta property=\"og:url\" content=\"https:\/\/olympicaccessories.com\/fr\/produit\/premium-eva-vacuum-hose-2-2\/\" \/>\n<meta property=\"og:site_name\" content=\"Olympic Pool Accessories\" \/>\n<meta property=\"article:modified_time\" content=\"2022-10-28T20:33:07+00:00\" \/>\n<meta property=\"og:image\" content=\"https:\/\/olympicaccessories.com\/wp-content\/uploads\/2022\/01\/CHB.jpg\" \/>\n\t<meta property=\"og:image:width\" content=\"800\" \/>\n\t<meta property=\"og:image:height\" content=\"800\" \/>\n\t<meta property=\"og:image:type\" content=\"image\/jpeg\" \/>\n<meta name=\"twitter:card\" content=\"summary_large_image\" \/>\n<script type=\"application\/ld+json\" class=\"yoast-schema-graph\">{\"@context\":\"https:\/\/schema.org\",\"@graph\":[{\"@type\":\"WebPage\",\"@id\":\"https:\/\/olympicaccessories.com\/fr\/produit\/premium-eva-vacuum-hose-2-2\/\",\"url\":\"https:\/\/olympicaccessories.com\/fr\/produit\/premium-eva-vacuum-hose-2-2\/\",\"name\":\"Boyau d\u2019aspirateur EVA de qualit\u00e9 sup\u00e9rieur - Olympic Pool Accessories\",\"isPartOf\":{\"@id\":\"https:\/\/olympicaccessories.com\/fr\/#website\"},\"primaryImageOfPage\":{\"@id\":\"https:\/\/olympicaccessories.com\/fr\/produit\/premium-eva-vacuum-hose-2-2\/#primaryimage\"},\"image\":{\"@id\":\"https:\/\/olympicaccessories.com\/fr\/produit\/premium-eva-vacuum-hose-2-2\/#primaryimage\"},\"thumbnailUrl\":\"https:\/\/olympicaccessories.com\/wp-content\/uploads\/2022\/01\/CHB.jpg\",\"datePublished\":\"2022-01-03T19:48:10+00:00\",\"dateModified\":\"2022-10-28T20:33:07+00:00\",\"breadcrumb\":{\"@id\":\"https:\/\/olympicaccessories.com\/fr\/produit\/premium-eva-vacuum-hose-2-2\/#breadcrumb\"},\"inLanguage\":\"fr-FR\",\"potentialAction\":[{\"@type\":\"ReadAction\",\"target\":[\"https:\/\/olympicaccessories.com\/fr\/produit\/premium-eva-vacuum-hose-2-2\/\"]}]},{\"@type\":\"ImageObject\",\"inLanguage\":\"fr-FR\",\"@id\":\"https:\/\/olympicaccessories.com\/fr\/produit\/premium-eva-vacuum-hose-2-2\/#primaryimage\",\"url\":\"https:\/\/olympicaccessories.com\/wp-content\/uploads\/2022\/01\/CHB.jpg\",\"contentUrl\":\"https:\/\/olympicaccessories.com\/wp-content\/uploads\/2022\/01\/CHB.jpg\",\"width\":800,\"height\":800,\"caption\":\"CHB Hoses\"},{\"@type\":\"BreadcrumbList\",\"@id\":\"https:\/\/olympicaccessories.com\/fr\/produit\/premium-eva-vacuum-hose-2-2\/#breadcrumb\",\"itemListElement\":[{\"@type\":\"ListItem\",\"position\":1,\"name\":\"Home\",\"item\":\"https:\/\/olympicaccessories.com\/fr\/\"},{\"@type\":\"ListItem\",\"position\":2,\"name\":\"Nos produits\",\"item\":\"https:\/\/olympicaccessories.com\/fr\/produits\/\"},{\"@type\":\"ListItem\",\"position\":3,\"name\":\"Boyau d\u2019aspirateur EVA de qualit\u00e9 sup\u00e9rieur\"}]},{\"@type\":\"WebSite\",\"@id\":\"https:\/\/olympicaccessories.com\/fr\/#website\",\"url\":\"https:\/\/olympicaccessories.com\/fr\/\",\"name\":\"Olympic Pool Accessories\",\"description\":\"Everything you need for your Pool and Spa\",\"publisher\":{\"@id\":\"https:\/\/olympicaccessories.com\/fr\/#organization\"},\"potentialAction\":[{\"@type\":\"SearchAction\",\"target\":{\"@type\":\"EntryPoint\",\"urlTemplate\":\"https:\/\/olympicaccessories.com\/fr\/?s={search_term_string}\"},\"query-input\":{\"@type\":\"PropertyValueSpecification\",\"valueRequired\":true,\"valueName\":\"search_term_string\"}}],\"inLanguage\":\"fr-FR\"},{\"@type\":\"Organization\",\"@id\":\"https:\/\/olympicaccessories.com\/fr\/#organization\",\"name\":\"Olympic Pool Accessories\",\"url\":\"https:\/\/olympicaccessories.com\/fr\/\",\"logo\":{\"@type\":\"ImageObject\",\"inLanguage\":\"fr-FR\",\"@id\":\"https:\/\/olympicaccessories.com\/fr\/#\/schema\/logo\/image\/\",\"url\":\"https:\/\/olympicaccessories.com\/wp-content\/uploads\/2025\/12\/olympicLogo50_364x128-02.png\",\"contentUrl\":\"https:\/\/olympicaccessories.com\/wp-content\/uploads\/2025\/12\/olympicLogo50_364x128-02.png\",\"width\":1518,\"height\":535,\"caption\":\"Olympic Pool Accessories\"},\"image\":{\"@id\":\"https:\/\/olympicaccessories.com\/fr\/#\/schema\/logo\/image\/\"}}]}<\/script>\n<!-- \/ Yoast SEO plugin. -->","yoast_head_json":{"title":"Boyau d\u2019aspirateur EVA de qualit\u00e9 sup\u00e9rieur - Olympic Pool Accessories","robots":{"index":"index","follow":"follow","max-snippet":"max-snippet:-1","max-image-preview":"max-image-preview:large","max-video-preview":"max-video-preview:-1"},"canonical":"https:\/\/olympicaccessories.com\/fr\/produit\/premium-eva-vacuum-hose-2-2\/","og_locale":"fr_FR","og_type":"article","og_title":"Boyau d\u2019aspirateur EVA de qualit\u00e9 sup\u00e9rieur - Olympic Pool Accessories","og_description":"1-1\/2\u201d (38 mm)","og_url":"https:\/\/olympicaccessories.com\/fr\/produit\/premium-eva-vacuum-hose-2-2\/","og_site_name":"Olympic Pool Accessories","article_modified_time":"2022-10-28T20:33:07+00:00","og_image":[{"width":800,"height":800,"url":"https:\/\/olympicaccessories.com\/wp-content\/uploads\/2022\/01\/CHB.jpg","type":"image\/jpeg"}],"twitter_card":"summary_large_image","schema":{"@context":"https:\/\/schema.org","@graph":[{"@type":"WebPage","@id":"https:\/\/olympicaccessories.com\/fr\/produit\/premium-eva-vacuum-hose-2-2\/","url":"https:\/\/olympicaccessories.com\/fr\/produit\/premium-eva-vacuum-hose-2-2\/","name":"Boyau d\u2019aspirateur EVA de qualit\u00e9 sup\u00e9rieur - Olympic Pool Accessories","isPartOf":{"@id":"https:\/\/olympicaccessories.com\/fr\/#website"},"primaryImageOfPage":{"@id":"https:\/\/olympicaccessories.com\/fr\/produit\/premium-eva-vacuum-hose-2-2\/#primaryimage"},"image":{"@id":"https:\/\/olympicaccessories.com\/fr\/produit\/premium-eva-vacuum-hose-2-2\/#primaryimage"},"thumbnailUrl":"https:\/\/olympicaccessories.com\/wp-content\/uploads\/2022\/01\/CHB.jpg","datePublished":"2022-01-03T19:48:10+00:00","dateModified":"2022-10-28T20:33:07+00:00","breadcrumb":{"@id":"https:\/\/olympicaccessories.com\/fr\/produit\/premium-eva-vacuum-hose-2-2\/#breadcrumb"},"inLanguage":"fr-FR","potentialAction":[{"@type":"ReadAction","target":["https:\/\/olympicaccessories.com\/fr\/produit\/premium-eva-vacuum-hose-2-2\/"]}]},{"@type":"ImageObject","inLanguage":"fr-FR","@id":"https:\/\/olympicaccessories.com\/fr\/produit\/premium-eva-vacuum-hose-2-2\/#primaryimage","url":"https:\/\/olympicaccessories.com\/wp-content\/uploads\/2022\/01\/CHB.jpg","contentUrl":"https:\/\/olympicaccessories.com\/wp-content\/uploads\/2022\/01\/CHB.jpg","width":800,"height":800,"caption":"CHB Hoses"},{"@type":"BreadcrumbList","@id":"https:\/\/olympicaccessories.com\/fr\/produit\/premium-eva-vacuum-hose-2-2\/#breadcrumb","itemListElement":[{"@type":"ListItem","position":1,"name":"Home","item":"https:\/\/olympicaccessories.com\/fr\/"},{"@type":"ListItem","position":2,"name":"Nos produits","item":"https:\/\/olympicaccessories.com\/fr\/produits\/"},{"@type":"ListItem","position":3,"name":"Boyau d\u2019aspirateur EVA de qualit\u00e9 sup\u00e9rieur"}]},{"@type":"WebSite","@id":"https:\/\/olympicaccessories.com\/fr\/#website","url":"https:\/\/olympicaccessories.com\/fr\/","name":"Olympic Pool Accessories","description":"Everything you need for your Pool and Spa","publisher":{"@id":"https:\/\/olympicaccessories.com\/fr\/#organization"},"potentialAction":[{"@type":"SearchAction","target":{"@type":"EntryPoint","urlTemplate":"https:\/\/olympicaccessories.com\/fr\/?s={search_term_string}"},"query-input":{"@type":"PropertyValueSpecification","valueRequired":true,"valueName":"search_term_string"}}],"inLanguage":"fr-FR"},{"@type":"Organization","@id":"https:\/\/olympicaccessories.com\/fr\/#organization","name":"Olympic Pool Accessories","url":"https:\/\/olympicaccessories.com\/fr\/","logo":{"@type":"ImageObject","inLanguage":"fr-FR","@id":"https:\/\/olympicaccessories.com\/fr\/#\/schema\/logo\/image\/","url":"https:\/\/olympicaccessories.com\/wp-content\/uploads\/2025\/12\/olympicLogo50_364x128-02.png","contentUrl":"https:\/\/olympicaccessories.com\/wp-content\/uploads\/2025\/12\/olympicLogo50_364x128-02.png","width":1518,"height":535,"caption":"Olympic Pool Accessories"},"image":{"@id":"https:\/\/olympicaccessories.com\/fr\/#\/schema\/logo\/image\/"}}]}},"_links":{"self":[{"href":"https:\/\/olympicaccessories.com\/fr\/wp-json\/wp\/v2\/product\/1812","targetHints":{"allow":["GET"]}}],"collection":[{"href":"https:\/\/olympicaccessories.com\/fr\/wp-json\/wp\/v2\/product"}],"about":[{"href":"https:\/\/olympicaccessories.com\/fr\/wp-json\/wp\/v2\/types\/product"}],"wp:featuredmedia":[{"embeddable":true,"href":"https:\/\/olympicaccessories.com\/fr\/wp-json\/wp\/v2\/media\/1501"}],"wp:attachment":[{"href":"https:\/\/olympicaccessories.com\/fr\/wp-json\/wp\/v2\/media?parent=1812"}],"wp:term":[{"taxonomy":"product_brand","embeddable":true,"href":"https:\/\/olympicaccessories.com\/fr\/wp-json\/wp\/v2\/product_brand?post=1812"},{"taxonomy":"product_cat","embeddable":true,"href":"https:\/\/olympicaccessories.com\/fr\/wp-json\/wp\/v2\/product_cat?post=1812"},{"taxonomy":"product_tag","embeddable":true,"href":"https:\/\/olympicaccessories.com\/fr\/wp-json\/wp\/v2\/product_tag?post=1812"}],"curies":[{"name":"wp","href":"https:\/\/api.w.org\/{rel}","templated":true}]}}