{"id":1914,"date":"2022-10-28T20:06:52","date_gmt":"2022-10-28T20:06:52","guid":{"rendered":"https:\/\/olympicaccessories.com\/?post_type=product&#038;p=1914"},"modified":"2022-10-28T20:20:10","modified_gmt":"2022-10-28T20:20:10","slug":"pompe-pour-piscine-hors-terre-copy","status":"publish","type":"product","link":"https:\/\/olympicaccessories.com\/fr\/produit\/pompe-pour-piscine-hors-terre-copy\/","title":{"rendered":"Pompe 2-vitesses pour piscine hors terre"},"content":{"rendered":"<p>Moteur de 1.5H avec isolation et interrupteur imperm\u00e9able. Fil d\u2019alimentation de 25 pieds. Turbine fabriqu\u00e9e de plastique renforc\u00e9 et performant. Moteur muni d\u2019une protection thermique qui pr\u00e9vient la surchauffe et augmente la s\u00e9curit\u00e9 et la fiabilit\u00e9.<\/p>\n","protected":false},"excerpt":{"rendered":"<p>avec moteur de 1.5 HP, isolation et interrupteur imperm\u00e9able<\/p>\n","protected":false},"featured_media":2109,"template":"","meta":[],"product_brand":[],"product_cat":[70],"product_tag":[63,89],"class_list":{"0":"post-1914","1":"product","2":"type-product","3":"status-publish","4":"has-post-thumbnail","6":"product_cat-filtration-fr","7":"product_tag-piscine-hors-terre","8":"product_tag-pompes","10":"first","11":"outofstock","12":"taxable","13":"shipping-taxable","14":"product-type-simple"},"yoast_head":"<!-- This site is optimized with the Yoast SEO plugin v27.1.1 - https:\/\/yoast.com\/product\/yoast-seo-wordpress\/ -->\n<title>Pompe 2-vitesses pour piscine hors terre - Olympic Pool Accessories<\/title>\n<meta name=\"robots\" content=\"index, follow, max-snippet:-1, max-image-preview:large, max-video-preview:-1\" \/>\n<link rel=\"canonical\" href=\"https:\/\/olympicaccessories.com\/fr\/produit\/pompe-pour-piscine-hors-terre-copy\/\" \/>\n<meta property=\"og:locale\" content=\"fr_FR\" \/>\n<meta property=\"og:type\" content=\"article\" \/>\n<meta property=\"og:title\" content=\"Pompe 2-vitesses pour piscine hors terre - Olympic Pool Accessories\" \/>\n<meta property=\"og:description\" content=\"avec moteur de 1.5 HP, isolation et interrupteur imperm\u00e9able\" \/>\n<meta property=\"og:url\" content=\"https:\/\/olympicaccessories.com\/fr\/produit\/pompe-pour-piscine-hors-terre-copy\/\" \/>\n<meta property=\"og:site_name\" content=\"Olympic Pool Accessories\" \/>\n<meta property=\"article:modified_time\" content=\"2022-10-28T20:20:10+00:00\" \/>\n<meta property=\"og:image\" content=\"https:\/\/olympicaccessories.com\/wp-content\/uploads\/2022\/10\/2P1915_2024.jpg\" \/>\n\t<meta property=\"og:image:width\" content=\"800\" \/>\n\t<meta property=\"og:image:height\" content=\"800\" \/>\n\t<meta property=\"og:image:type\" content=\"image\/jpeg\" \/>\n<meta name=\"twitter:card\" content=\"summary_large_image\" \/>\n<script type=\"application\/ld+json\" class=\"yoast-schema-graph\">{\"@context\":\"https:\/\/schema.org\",\"@graph\":[{\"@type\":\"WebPage\",\"@id\":\"https:\/\/olympicaccessories.com\/fr\/produit\/pompe-pour-piscine-hors-terre-copy\/\",\"url\":\"https:\/\/olympicaccessories.com\/fr\/produit\/pompe-pour-piscine-hors-terre-copy\/\",\"name\":\"Pompe 2-vitesses pour piscine hors terre - Olympic Pool Accessories\",\"isPartOf\":{\"@id\":\"https:\/\/olympicaccessories.com\/fr\/#website\"},\"primaryImageOfPage\":{\"@id\":\"https:\/\/olympicaccessories.com\/fr\/produit\/pompe-pour-piscine-hors-terre-copy\/#primaryimage\"},\"image\":{\"@id\":\"https:\/\/olympicaccessories.com\/fr\/produit\/pompe-pour-piscine-hors-terre-copy\/#primaryimage\"},\"thumbnailUrl\":\"https:\/\/olympicaccessories.com\/wp-content\/uploads\/2022\/10\/2P1915_2024.jpg\",\"datePublished\":\"2022-10-28T20:06:52+00:00\",\"dateModified\":\"2022-10-28T20:20:10+00:00\",\"breadcrumb\":{\"@id\":\"https:\/\/olympicaccessories.com\/fr\/produit\/pompe-pour-piscine-hors-terre-copy\/#breadcrumb\"},\"inLanguage\":\"fr-FR\",\"potentialAction\":[{\"@type\":\"ReadAction\",\"target\":[\"https:\/\/olympicaccessories.com\/fr\/produit\/pompe-pour-piscine-hors-terre-copy\/\"]}]},{\"@type\":\"ImageObject\",\"inLanguage\":\"fr-FR\",\"@id\":\"https:\/\/olympicaccessories.com\/fr\/produit\/pompe-pour-piscine-hors-terre-copy\/#primaryimage\",\"url\":\"https:\/\/olympicaccessories.com\/wp-content\/uploads\/2022\/10\/2P1915_2024.jpg\",\"contentUrl\":\"https:\/\/olympicaccessories.com\/wp-content\/uploads\/2022\/10\/2P1915_2024.jpg\",\"width\":800,\"height\":800,\"caption\":\"2P1915\"},{\"@type\":\"BreadcrumbList\",\"@id\":\"https:\/\/olympicaccessories.com\/fr\/produit\/pompe-pour-piscine-hors-terre-copy\/#breadcrumb\",\"itemListElement\":[{\"@type\":\"ListItem\",\"position\":1,\"name\":\"Home\",\"item\":\"https:\/\/olympicaccessories.com\/fr\/\"},{\"@type\":\"ListItem\",\"position\":2,\"name\":\"Nos produits\",\"item\":\"https:\/\/olympicaccessories.com\/fr\/produits\/\"},{\"@type\":\"ListItem\",\"position\":3,\"name\":\"Pompe 2-vitesses pour piscine hors terre\"}]},{\"@type\":\"WebSite\",\"@id\":\"https:\/\/olympicaccessories.com\/fr\/#website\",\"url\":\"https:\/\/olympicaccessories.com\/fr\/\",\"name\":\"Olympic Pool Accessories\",\"description\":\"Everything you need for your Pool and Spa\",\"publisher\":{\"@id\":\"https:\/\/olympicaccessories.com\/fr\/#organization\"},\"potentialAction\":[{\"@type\":\"SearchAction\",\"target\":{\"@type\":\"EntryPoint\",\"urlTemplate\":\"https:\/\/olympicaccessories.com\/fr\/?s={search_term_string}\"},\"query-input\":{\"@type\":\"PropertyValueSpecification\",\"valueRequired\":true,\"valueName\":\"search_term_string\"}}],\"inLanguage\":\"fr-FR\"},{\"@type\":\"Organization\",\"@id\":\"https:\/\/olympicaccessories.com\/fr\/#organization\",\"name\":\"Olympic Pool Accessories\",\"url\":\"https:\/\/olympicaccessories.com\/fr\/\",\"logo\":{\"@type\":\"ImageObject\",\"inLanguage\":\"fr-FR\",\"@id\":\"https:\/\/olympicaccessories.com\/fr\/#\/schema\/logo\/image\/\",\"url\":\"https:\/\/olympicaccessories.com\/wp-content\/uploads\/2025\/12\/olympicLogo50_364x128-02.png\",\"contentUrl\":\"https:\/\/olympicaccessories.com\/wp-content\/uploads\/2025\/12\/olympicLogo50_364x128-02.png\",\"width\":1518,\"height\":535,\"caption\":\"Olympic Pool Accessories\"},\"image\":{\"@id\":\"https:\/\/olympicaccessories.com\/fr\/#\/schema\/logo\/image\/\"}}]}<\/script>\n<!-- \/ Yoast SEO plugin. -->","yoast_head_json":{"title":"Pompe 2-vitesses pour piscine hors terre - Olympic Pool Accessories","robots":{"index":"index","follow":"follow","max-snippet":"max-snippet:-1","max-image-preview":"max-image-preview:large","max-video-preview":"max-video-preview:-1"},"canonical":"https:\/\/olympicaccessories.com\/fr\/produit\/pompe-pour-piscine-hors-terre-copy\/","og_locale":"fr_FR","og_type":"article","og_title":"Pompe 2-vitesses pour piscine hors terre - Olympic Pool Accessories","og_description":"avec moteur de 1.5 HP, isolation et interrupteur imperm\u00e9able","og_url":"https:\/\/olympicaccessories.com\/fr\/produit\/pompe-pour-piscine-hors-terre-copy\/","og_site_name":"Olympic Pool Accessories","article_modified_time":"2022-10-28T20:20:10+00:00","og_image":[{"width":800,"height":800,"url":"https:\/\/olympicaccessories.com\/wp-content\/uploads\/2022\/10\/2P1915_2024.jpg","type":"image\/jpeg"}],"twitter_card":"summary_large_image","schema":{"@context":"https:\/\/schema.org","@graph":[{"@type":"WebPage","@id":"https:\/\/olympicaccessories.com\/fr\/produit\/pompe-pour-piscine-hors-terre-copy\/","url":"https:\/\/olympicaccessories.com\/fr\/produit\/pompe-pour-piscine-hors-terre-copy\/","name":"Pompe 2-vitesses pour piscine hors terre - Olympic Pool Accessories","isPartOf":{"@id":"https:\/\/olympicaccessories.com\/fr\/#website"},"primaryImageOfPage":{"@id":"https:\/\/olympicaccessories.com\/fr\/produit\/pompe-pour-piscine-hors-terre-copy\/#primaryimage"},"image":{"@id":"https:\/\/olympicaccessories.com\/fr\/produit\/pompe-pour-piscine-hors-terre-copy\/#primaryimage"},"thumbnailUrl":"https:\/\/olympicaccessories.com\/wp-content\/uploads\/2022\/10\/2P1915_2024.jpg","datePublished":"2022-10-28T20:06:52+00:00","dateModified":"2022-10-28T20:20:10+00:00","breadcrumb":{"@id":"https:\/\/olympicaccessories.com\/fr\/produit\/pompe-pour-piscine-hors-terre-copy\/#breadcrumb"},"inLanguage":"fr-FR","potentialAction":[{"@type":"ReadAction","target":["https:\/\/olympicaccessories.com\/fr\/produit\/pompe-pour-piscine-hors-terre-copy\/"]}]},{"@type":"ImageObject","inLanguage":"fr-FR","@id":"https:\/\/olympicaccessories.com\/fr\/produit\/pompe-pour-piscine-hors-terre-copy\/#primaryimage","url":"https:\/\/olympicaccessories.com\/wp-content\/uploads\/2022\/10\/2P1915_2024.jpg","contentUrl":"https:\/\/olympicaccessories.com\/wp-content\/uploads\/2022\/10\/2P1915_2024.jpg","width":800,"height":800,"caption":"2P1915"},{"@type":"BreadcrumbList","@id":"https:\/\/olympicaccessories.com\/fr\/produit\/pompe-pour-piscine-hors-terre-copy\/#breadcrumb","itemListElement":[{"@type":"ListItem","position":1,"name":"Home","item":"https:\/\/olympicaccessories.com\/fr\/"},{"@type":"ListItem","position":2,"name":"Nos produits","item":"https:\/\/olympicaccessories.com\/fr\/produits\/"},{"@type":"ListItem","position":3,"name":"Pompe 2-vitesses pour piscine hors terre"}]},{"@type":"WebSite","@id":"https:\/\/olympicaccessories.com\/fr\/#website","url":"https:\/\/olympicaccessories.com\/fr\/","name":"Olympic Pool Accessories","description":"Everything you need for your Pool and Spa","publisher":{"@id":"https:\/\/olympicaccessories.com\/fr\/#organization"},"potentialAction":[{"@type":"SearchAction","target":{"@type":"EntryPoint","urlTemplate":"https:\/\/olympicaccessories.com\/fr\/?s={search_term_string}"},"query-input":{"@type":"PropertyValueSpecification","valueRequired":true,"valueName":"search_term_string"}}],"inLanguage":"fr-FR"},{"@type":"Organization","@id":"https:\/\/olympicaccessories.com\/fr\/#organization","name":"Olympic Pool Accessories","url":"https:\/\/olympicaccessories.com\/fr\/","logo":{"@type":"ImageObject","inLanguage":"fr-FR","@id":"https:\/\/olympicaccessories.com\/fr\/#\/schema\/logo\/image\/","url":"https:\/\/olympicaccessories.com\/wp-content\/uploads\/2025\/12\/olympicLogo50_364x128-02.png","contentUrl":"https:\/\/olympicaccessories.com\/wp-content\/uploads\/2025\/12\/olympicLogo50_364x128-02.png","width":1518,"height":535,"caption":"Olympic Pool Accessories"},"image":{"@id":"https:\/\/olympicaccessories.com\/fr\/#\/schema\/logo\/image\/"}}]}},"_links":{"self":[{"href":"https:\/\/olympicaccessories.com\/fr\/wp-json\/wp\/v2\/product\/1914","targetHints":{"allow":["GET"]}}],"collection":[{"href":"https:\/\/olympicaccessories.com\/fr\/wp-json\/wp\/v2\/product"}],"about":[{"href":"https:\/\/olympicaccessories.com\/fr\/wp-json\/wp\/v2\/types\/product"}],"wp:featuredmedia":[{"embeddable":true,"href":"https:\/\/olympicaccessories.com\/fr\/wp-json\/wp\/v2\/media\/2109"}],"wp:attachment":[{"href":"https:\/\/olympicaccessories.com\/fr\/wp-json\/wp\/v2\/media?parent=1914"}],"wp:term":[{"taxonomy":"product_brand","embeddable":true,"href":"https:\/\/olympicaccessories.com\/fr\/wp-json\/wp\/v2\/product_brand?post=1914"},{"taxonomy":"product_cat","embeddable":true,"href":"https:\/\/olympicaccessories.com\/fr\/wp-json\/wp\/v2\/product_cat?post=1914"},{"taxonomy":"product_tag","embeddable":true,"href":"https:\/\/olympicaccessories.com\/fr\/wp-json\/wp\/v2\/product_tag?post=1914"}],"curies":[{"name":"wp","href":"https:\/\/api.w.org\/{rel}","templated":true}]}}