{"id":2012,"date":"2023-11-03T08:35:08","date_gmt":"2023-11-03T08:35:08","guid":{"rendered":"https:\/\/olympicaccessories.com\/?post_type=product&#038;p=2012"},"modified":"2025-01-02T15:06:18","modified_gmt":"2025-01-02T15:06:18","slug":"nettoyeur-rechargeable-sans-fil","status":"publish","type":"product","link":"https:\/\/olympicaccessories.com\/fr\/produit\/nettoyeur-rechargeable-sans-fil\/","title":{"rendered":"Nettoyeur rechargeable sans fil"},"content":{"rendered":"<p>Nettoyeur de piscine l\u00e9ger et rechargeable avec indicateur de charge LED et interrupteur magn\u00e9tique \u00e9tanche. Il se recharge \u00e0 l&rsquo;aide du c\u00e2ble USB fourni et est livr\u00e9 avec une perche \u00e0 deux sections.<\/p>\n","protected":false},"excerpt":{"rendered":"<p>pour le spa<\/p>\n","protected":false},"featured_media":4204,"template":"","meta":[],"product_brand":[],"product_cat":[106],"product_tag":[67,63],"class_list":{"0":"post-2012","1":"product","2":"type-product","3":"status-publish","4":"has-post-thumbnail","6":"product_cat-nettoyeurs","7":"product_tag-piscine-creusee","8":"product_tag-piscine-hors-terre","10":"first","11":"outofstock","12":"taxable","13":"shipping-taxable","14":"product-type-simple"},"yoast_head":"<!-- This site is optimized with the Yoast SEO plugin v27.1.1 - https:\/\/yoast.com\/product\/yoast-seo-wordpress\/ -->\n<title>Nettoyeur rechargeable sans fil - Olympic Pool Accessories<\/title>\n<meta name=\"robots\" content=\"index, follow, max-snippet:-1, max-image-preview:large, max-video-preview:-1\" \/>\n<link rel=\"canonical\" href=\"https:\/\/olympicaccessories.com\/fr\/produit\/nettoyeur-rechargeable-sans-fil\/\" \/>\n<meta property=\"og:locale\" content=\"fr_FR\" \/>\n<meta property=\"og:type\" content=\"article\" \/>\n<meta property=\"og:title\" content=\"Nettoyeur rechargeable sans fil - Olympic Pool Accessories\" \/>\n<meta property=\"og:description\" content=\"pour le spa\" \/>\n<meta property=\"og:url\" content=\"https:\/\/olympicaccessories.com\/fr\/produit\/nettoyeur-rechargeable-sans-fil\/\" \/>\n<meta property=\"og:site_name\" content=\"Olympic Pool Accessories\" \/>\n<meta property=\"article:modified_time\" content=\"2025-01-02T15:06:18+00:00\" \/>\n<meta property=\"og:image\" content=\"https:\/\/olympicaccessories.com\/wp-content\/uploads\/2023\/11\/Web-img25-30.jpg\" \/>\n\t<meta property=\"og:image:width\" content=\"2083\" \/>\n\t<meta property=\"og:image:height\" content=\"2083\" \/>\n\t<meta property=\"og:image:type\" content=\"image\/jpeg\" \/>\n<meta name=\"twitter:card\" content=\"summary_large_image\" \/>\n<meta name=\"twitter:label1\" content=\"Dur\u00e9e de lecture estim\u00e9e\" \/>\n\t<meta name=\"twitter:data1\" content=\"1 minute\" \/>\n<script type=\"application\/ld+json\" class=\"yoast-schema-graph\">{\"@context\":\"https:\/\/schema.org\",\"@graph\":[{\"@type\":\"WebPage\",\"@id\":\"https:\/\/olympicaccessories.com\/fr\/produit\/nettoyeur-rechargeable-sans-fil\/\",\"url\":\"https:\/\/olympicaccessories.com\/fr\/produit\/nettoyeur-rechargeable-sans-fil\/\",\"name\":\"Nettoyeur rechargeable sans fil - Olympic Pool Accessories\",\"isPartOf\":{\"@id\":\"https:\/\/olympicaccessories.com\/fr\/#website\"},\"primaryImageOfPage\":{\"@id\":\"https:\/\/olympicaccessories.com\/fr\/produit\/nettoyeur-rechargeable-sans-fil\/#primaryimage\"},\"image\":{\"@id\":\"https:\/\/olympicaccessories.com\/fr\/produit\/nettoyeur-rechargeable-sans-fil\/#primaryimage\"},\"thumbnailUrl\":\"https:\/\/olympicaccessories.com\/wp-content\/uploads\/2023\/11\/Web-img25-30.jpg\",\"datePublished\":\"2023-11-03T08:35:08+00:00\",\"dateModified\":\"2025-01-02T15:06:18+00:00\",\"breadcrumb\":{\"@id\":\"https:\/\/olympicaccessories.com\/fr\/produit\/nettoyeur-rechargeable-sans-fil\/#breadcrumb\"},\"inLanguage\":\"fr-FR\",\"potentialAction\":[{\"@type\":\"ReadAction\",\"target\":[\"https:\/\/olympicaccessories.com\/fr\/produit\/nettoyeur-rechargeable-sans-fil\/\"]}]},{\"@type\":\"ImageObject\",\"inLanguage\":\"fr-FR\",\"@id\":\"https:\/\/olympicaccessories.com\/fr\/produit\/nettoyeur-rechargeable-sans-fil\/#primaryimage\",\"url\":\"https:\/\/olympicaccessories.com\/wp-content\/uploads\/2023\/11\/Web-img25-30.jpg\",\"contentUrl\":\"https:\/\/olympicaccessories.com\/wp-content\/uploads\/2023\/11\/Web-img25-30.jpg\",\"width\":2083,\"height\":2083},{\"@type\":\"BreadcrumbList\",\"@id\":\"https:\/\/olympicaccessories.com\/fr\/produit\/nettoyeur-rechargeable-sans-fil\/#breadcrumb\",\"itemListElement\":[{\"@type\":\"ListItem\",\"position\":1,\"name\":\"Home\",\"item\":\"https:\/\/olympicaccessories.com\/fr\/\"},{\"@type\":\"ListItem\",\"position\":2,\"name\":\"Nos produits\",\"item\":\"https:\/\/olympicaccessories.com\/fr\/produits\/\"},{\"@type\":\"ListItem\",\"position\":3,\"name\":\"Nettoyeur rechargeable sans fil\"}]},{\"@type\":\"WebSite\",\"@id\":\"https:\/\/olympicaccessories.com\/fr\/#website\",\"url\":\"https:\/\/olympicaccessories.com\/fr\/\",\"name\":\"Olympic Pool Accessories\",\"description\":\"Everything you need for your Pool and Spa\",\"publisher\":{\"@id\":\"https:\/\/olympicaccessories.com\/fr\/#organization\"},\"potentialAction\":[{\"@type\":\"SearchAction\",\"target\":{\"@type\":\"EntryPoint\",\"urlTemplate\":\"https:\/\/olympicaccessories.com\/fr\/?s={search_term_string}\"},\"query-input\":{\"@type\":\"PropertyValueSpecification\",\"valueRequired\":true,\"valueName\":\"search_term_string\"}}],\"inLanguage\":\"fr-FR\"},{\"@type\":\"Organization\",\"@id\":\"https:\/\/olympicaccessories.com\/fr\/#organization\",\"name\":\"Olympic Pool Accessories\",\"url\":\"https:\/\/olympicaccessories.com\/fr\/\",\"logo\":{\"@type\":\"ImageObject\",\"inLanguage\":\"fr-FR\",\"@id\":\"https:\/\/olympicaccessories.com\/fr\/#\/schema\/logo\/image\/\",\"url\":\"https:\/\/olympicaccessories.com\/wp-content\/uploads\/2025\/12\/olympicLogo50_364x128-02.png\",\"contentUrl\":\"https:\/\/olympicaccessories.com\/wp-content\/uploads\/2025\/12\/olympicLogo50_364x128-02.png\",\"width\":1518,\"height\":535,\"caption\":\"Olympic Pool Accessories\"},\"image\":{\"@id\":\"https:\/\/olympicaccessories.com\/fr\/#\/schema\/logo\/image\/\"}}]}<\/script>\n<!-- \/ Yoast SEO plugin. -->","yoast_head_json":{"title":"Nettoyeur rechargeable sans fil - Olympic Pool Accessories","robots":{"index":"index","follow":"follow","max-snippet":"max-snippet:-1","max-image-preview":"max-image-preview:large","max-video-preview":"max-video-preview:-1"},"canonical":"https:\/\/olympicaccessories.com\/fr\/produit\/nettoyeur-rechargeable-sans-fil\/","og_locale":"fr_FR","og_type":"article","og_title":"Nettoyeur rechargeable sans fil - Olympic Pool Accessories","og_description":"pour le spa","og_url":"https:\/\/olympicaccessories.com\/fr\/produit\/nettoyeur-rechargeable-sans-fil\/","og_site_name":"Olympic Pool Accessories","article_modified_time":"2025-01-02T15:06:18+00:00","og_image":[{"width":2083,"height":2083,"url":"https:\/\/olympicaccessories.com\/wp-content\/uploads\/2023\/11\/Web-img25-30.jpg","type":"image\/jpeg"}],"twitter_card":"summary_large_image","twitter_misc":{"Dur\u00e9e de lecture estim\u00e9e":"1 minute"},"schema":{"@context":"https:\/\/schema.org","@graph":[{"@type":"WebPage","@id":"https:\/\/olympicaccessories.com\/fr\/produit\/nettoyeur-rechargeable-sans-fil\/","url":"https:\/\/olympicaccessories.com\/fr\/produit\/nettoyeur-rechargeable-sans-fil\/","name":"Nettoyeur rechargeable sans fil - Olympic Pool Accessories","isPartOf":{"@id":"https:\/\/olympicaccessories.com\/fr\/#website"},"primaryImageOfPage":{"@id":"https:\/\/olympicaccessories.com\/fr\/produit\/nettoyeur-rechargeable-sans-fil\/#primaryimage"},"image":{"@id":"https:\/\/olympicaccessories.com\/fr\/produit\/nettoyeur-rechargeable-sans-fil\/#primaryimage"},"thumbnailUrl":"https:\/\/olympicaccessories.com\/wp-content\/uploads\/2023\/11\/Web-img25-30.jpg","datePublished":"2023-11-03T08:35:08+00:00","dateModified":"2025-01-02T15:06:18+00:00","breadcrumb":{"@id":"https:\/\/olympicaccessories.com\/fr\/produit\/nettoyeur-rechargeable-sans-fil\/#breadcrumb"},"inLanguage":"fr-FR","potentialAction":[{"@type":"ReadAction","target":["https:\/\/olympicaccessories.com\/fr\/produit\/nettoyeur-rechargeable-sans-fil\/"]}]},{"@type":"ImageObject","inLanguage":"fr-FR","@id":"https:\/\/olympicaccessories.com\/fr\/produit\/nettoyeur-rechargeable-sans-fil\/#primaryimage","url":"https:\/\/olympicaccessories.com\/wp-content\/uploads\/2023\/11\/Web-img25-30.jpg","contentUrl":"https:\/\/olympicaccessories.com\/wp-content\/uploads\/2023\/11\/Web-img25-30.jpg","width":2083,"height":2083},{"@type":"BreadcrumbList","@id":"https:\/\/olympicaccessories.com\/fr\/produit\/nettoyeur-rechargeable-sans-fil\/#breadcrumb","itemListElement":[{"@type":"ListItem","position":1,"name":"Home","item":"https:\/\/olympicaccessories.com\/fr\/"},{"@type":"ListItem","position":2,"name":"Nos produits","item":"https:\/\/olympicaccessories.com\/fr\/produits\/"},{"@type":"ListItem","position":3,"name":"Nettoyeur rechargeable sans fil"}]},{"@type":"WebSite","@id":"https:\/\/olympicaccessories.com\/fr\/#website","url":"https:\/\/olympicaccessories.com\/fr\/","name":"Olympic Pool Accessories","description":"Everything you need for your Pool and Spa","publisher":{"@id":"https:\/\/olympicaccessories.com\/fr\/#organization"},"potentialAction":[{"@type":"SearchAction","target":{"@type":"EntryPoint","urlTemplate":"https:\/\/olympicaccessories.com\/fr\/?s={search_term_string}"},"query-input":{"@type":"PropertyValueSpecification","valueRequired":true,"valueName":"search_term_string"}}],"inLanguage":"fr-FR"},{"@type":"Organization","@id":"https:\/\/olympicaccessories.com\/fr\/#organization","name":"Olympic Pool Accessories","url":"https:\/\/olympicaccessories.com\/fr\/","logo":{"@type":"ImageObject","inLanguage":"fr-FR","@id":"https:\/\/olympicaccessories.com\/fr\/#\/schema\/logo\/image\/","url":"https:\/\/olympicaccessories.com\/wp-content\/uploads\/2025\/12\/olympicLogo50_364x128-02.png","contentUrl":"https:\/\/olympicaccessories.com\/wp-content\/uploads\/2025\/12\/olympicLogo50_364x128-02.png","width":1518,"height":535,"caption":"Olympic Pool Accessories"},"image":{"@id":"https:\/\/olympicaccessories.com\/fr\/#\/schema\/logo\/image\/"}}]}},"_links":{"self":[{"href":"https:\/\/olympicaccessories.com\/fr\/wp-json\/wp\/v2\/product\/2012","targetHints":{"allow":["GET"]}}],"collection":[{"href":"https:\/\/olympicaccessories.com\/fr\/wp-json\/wp\/v2\/product"}],"about":[{"href":"https:\/\/olympicaccessories.com\/fr\/wp-json\/wp\/v2\/types\/product"}],"wp:featuredmedia":[{"embeddable":true,"href":"https:\/\/olympicaccessories.com\/fr\/wp-json\/wp\/v2\/media\/4204"}],"wp:attachment":[{"href":"https:\/\/olympicaccessories.com\/fr\/wp-json\/wp\/v2\/media?parent=2012"}],"wp:term":[{"taxonomy":"product_brand","embeddable":true,"href":"https:\/\/olympicaccessories.com\/fr\/wp-json\/wp\/v2\/product_brand?post=2012"},{"taxonomy":"product_cat","embeddable":true,"href":"https:\/\/olympicaccessories.com\/fr\/wp-json\/wp\/v2\/product_cat?post=2012"},{"taxonomy":"product_tag","embeddable":true,"href":"https:\/\/olympicaccessories.com\/fr\/wp-json\/wp\/v2\/product_tag?post=2012"}],"curies":[{"name":"wp","href":"https:\/\/api.w.org\/{rel}","templated":true}]}}