{"id":4879,"date":"2025-12-31T20:50:08","date_gmt":"2025-12-31T20:50:08","guid":{"rendered":"https:\/\/olympicaccessories.com\/product\/replacement-resin-deck-ladder\/"},"modified":"2026-01-05T21:10:47","modified_gmt":"2026-01-05T21:10:47","slug":"echelle-remplacement-43","status":"publish","type":"product","link":"https:\/\/olympicaccessories.com\/fr\/produit\/echelle-remplacement-43\/","title":{"rendered":"\u00c9chelle de remplacement en r\u00e9sine pour patio"},"content":{"rendered":"<p>Largeur de 61cm x hauteur de 119cm (jusqu\u2019\u00e0 la 1\u00e8re marche).<\/p>\n<p>Hauteur r\u00e9glable pour mur de 122cm &#8211; 137cm (48&Prime;-54&Prime;)<br \/>\nDisponible en blanc ou gris fonc\u00e9 (43A-GREY-BX)<\/p>\n","protected":false},"excerpt":{"rendered":"<p>Largeur de 61cm x hauteur de 119cm (jusqu\u2019\u00e0 la 1\u00e8re marche). Hauteur r\u00e9glable pour mur de 122cm &#8211; 137cm (48&Prime;-54&Prime;) Disponible en blanc ou gris fonc\u00e9 (43A-GREY-BX)<\/p>\n","protected":false},"featured_media":4790,"template":"","meta":[],"product_brand":[],"product_cat":[176,83],"product_tag":[184],"class_list":{"0":"post-4879","1":"product","2":"type-product","3":"status-publish","4":"has-post-thumbnail","6":"product_cat-nouveautes","7":"product_cat-marches-et-echelles","8":"product_tag-piscine-hors-terre-2","10":"first","11":"outofstock","12":"taxable","13":"shipping-taxable","14":"product-type-simple"},"yoast_head":"<!-- This site is optimized with the Yoast SEO plugin v27.1.1 - https:\/\/yoast.com\/product\/yoast-seo-wordpress\/ -->\n<title>\u00c9chelle de remplacement en r\u00e9sine pour patio - Olympic Pool Accessories<\/title>\n<meta name=\"robots\" content=\"index, follow, max-snippet:-1, max-image-preview:large, max-video-preview:-1\" \/>\n<link rel=\"canonical\" href=\"https:\/\/olympicaccessories.com\/fr\/produit\/echelle-remplacement-43\/\" \/>\n<meta property=\"og:locale\" content=\"fr_FR\" \/>\n<meta property=\"og:type\" content=\"article\" \/>\n<meta property=\"og:title\" content=\"\u00c9chelle de remplacement en r\u00e9sine pour patio - Olympic Pool Accessories\" \/>\n<meta property=\"og:description\" content=\"Largeur de 61cm x hauteur de 119cm (jusqu\u2019\u00e0 la 1\u00e8re marche). Hauteur r\u00e9glable pour mur de 122cm &#8211; 137cm (48&Prime;-54&Prime;) Disponible en blanc ou gris fonc\u00e9 (43A-GREY-BX)\" \/>\n<meta property=\"og:url\" content=\"https:\/\/olympicaccessories.com\/fr\/produit\/echelle-remplacement-43\/\" \/>\n<meta property=\"og:site_name\" content=\"Olympic Pool Accessories\" \/>\n<meta property=\"article:modified_time\" content=\"2026-01-05T21:10:47+00:00\" \/>\n<meta property=\"og:image\" content=\"https:\/\/olympicaccessories.com\/wp-content\/uploads\/2025\/12\/43A.jpg\" \/>\n\t<meta property=\"og:image:width\" content=\"2083\" \/>\n\t<meta property=\"og:image:height\" content=\"2083\" \/>\n\t<meta property=\"og:image:type\" content=\"image\/jpeg\" \/>\n<meta name=\"twitter:card\" content=\"summary_large_image\" \/>\n<meta name=\"twitter:label1\" content=\"Dur\u00e9e de lecture estim\u00e9e\" \/>\n\t<meta name=\"twitter:data1\" content=\"1 minute\" \/>\n<script type=\"application\/ld+json\" class=\"yoast-schema-graph\">{\"@context\":\"https:\/\/schema.org\",\"@graph\":[{\"@type\":\"WebPage\",\"@id\":\"https:\/\/olympicaccessories.com\/fr\/produit\/echelle-remplacement-43\/\",\"url\":\"https:\/\/olympicaccessories.com\/fr\/produit\/echelle-remplacement-43\/\",\"name\":\"\u00c9chelle de remplacement en r\u00e9sine pour patio - Olympic Pool Accessories\",\"isPartOf\":{\"@id\":\"https:\/\/olympicaccessories.com\/fr\/#website\"},\"primaryImageOfPage\":{\"@id\":\"https:\/\/olympicaccessories.com\/fr\/produit\/echelle-remplacement-43\/#primaryimage\"},\"image\":{\"@id\":\"https:\/\/olympicaccessories.com\/fr\/produit\/echelle-remplacement-43\/#primaryimage\"},\"thumbnailUrl\":\"https:\/\/olympicaccessories.com\/wp-content\/uploads\/2025\/12\/43A.jpg\",\"datePublished\":\"2025-12-31T20:50:08+00:00\",\"dateModified\":\"2026-01-05T21:10:47+00:00\",\"breadcrumb\":{\"@id\":\"https:\/\/olympicaccessories.com\/fr\/produit\/echelle-remplacement-43\/#breadcrumb\"},\"inLanguage\":\"fr-FR\",\"potentialAction\":[{\"@type\":\"ReadAction\",\"target\":[\"https:\/\/olympicaccessories.com\/fr\/produit\/echelle-remplacement-43\/\"]}]},{\"@type\":\"ImageObject\",\"inLanguage\":\"fr-FR\",\"@id\":\"https:\/\/olympicaccessories.com\/fr\/produit\/echelle-remplacement-43\/#primaryimage\",\"url\":\"https:\/\/olympicaccessories.com\/wp-content\/uploads\/2025\/12\/43A.jpg\",\"contentUrl\":\"https:\/\/olympicaccessories.com\/wp-content\/uploads\/2025\/12\/43A.jpg\",\"width\":2083,\"height\":2083},{\"@type\":\"BreadcrumbList\",\"@id\":\"https:\/\/olympicaccessories.com\/fr\/produit\/echelle-remplacement-43\/#breadcrumb\",\"itemListElement\":[{\"@type\":\"ListItem\",\"position\":1,\"name\":\"Home\",\"item\":\"https:\/\/olympicaccessories.com\/fr\/\"},{\"@type\":\"ListItem\",\"position\":2,\"name\":\"Nos produits\",\"item\":\"https:\/\/olympicaccessories.com\/fr\/produits\/\"},{\"@type\":\"ListItem\",\"position\":3,\"name\":\"\u00c9chelle de remplacement en r\u00e9sine pour patio\"}]},{\"@type\":\"WebSite\",\"@id\":\"https:\/\/olympicaccessories.com\/fr\/#website\",\"url\":\"https:\/\/olympicaccessories.com\/fr\/\",\"name\":\"Olympic Pool Accessories\",\"description\":\"Everything you need for your Pool and Spa\",\"publisher\":{\"@id\":\"https:\/\/olympicaccessories.com\/fr\/#organization\"},\"potentialAction\":[{\"@type\":\"SearchAction\",\"target\":{\"@type\":\"EntryPoint\",\"urlTemplate\":\"https:\/\/olympicaccessories.com\/fr\/?s={search_term_string}\"},\"query-input\":{\"@type\":\"PropertyValueSpecification\",\"valueRequired\":true,\"valueName\":\"search_term_string\"}}],\"inLanguage\":\"fr-FR\"},{\"@type\":\"Organization\",\"@id\":\"https:\/\/olympicaccessories.com\/fr\/#organization\",\"name\":\"Olympic Pool Accessories\",\"url\":\"https:\/\/olympicaccessories.com\/fr\/\",\"logo\":{\"@type\":\"ImageObject\",\"inLanguage\":\"fr-FR\",\"@id\":\"https:\/\/olympicaccessories.com\/fr\/#\/schema\/logo\/image\/\",\"url\":\"https:\/\/olympicaccessories.com\/wp-content\/uploads\/2025\/12\/olympicLogo50_364x128-02.png\",\"contentUrl\":\"https:\/\/olympicaccessories.com\/wp-content\/uploads\/2025\/12\/olympicLogo50_364x128-02.png\",\"width\":1518,\"height\":535,\"caption\":\"Olympic Pool Accessories\"},\"image\":{\"@id\":\"https:\/\/olympicaccessories.com\/fr\/#\/schema\/logo\/image\/\"}}]}<\/script>\n<!-- \/ Yoast SEO plugin. -->","yoast_head_json":{"title":"\u00c9chelle de remplacement en r\u00e9sine pour patio - Olympic Pool Accessories","robots":{"index":"index","follow":"follow","max-snippet":"max-snippet:-1","max-image-preview":"max-image-preview:large","max-video-preview":"max-video-preview:-1"},"canonical":"https:\/\/olympicaccessories.com\/fr\/produit\/echelle-remplacement-43\/","og_locale":"fr_FR","og_type":"article","og_title":"\u00c9chelle de remplacement en r\u00e9sine pour patio - Olympic Pool Accessories","og_description":"Largeur de 61cm x hauteur de 119cm (jusqu\u2019\u00e0 la 1\u00e8re marche). Hauteur r\u00e9glable pour mur de 122cm &#8211; 137cm (48&Prime;-54&Prime;) Disponible en blanc ou gris fonc\u00e9 (43A-GREY-BX)","og_url":"https:\/\/olympicaccessories.com\/fr\/produit\/echelle-remplacement-43\/","og_site_name":"Olympic Pool Accessories","article_modified_time":"2026-01-05T21:10:47+00:00","og_image":[{"width":2083,"height":2083,"url":"https:\/\/olympicaccessories.com\/wp-content\/uploads\/2025\/12\/43A.jpg","type":"image\/jpeg"}],"twitter_card":"summary_large_image","twitter_misc":{"Dur\u00e9e de lecture estim\u00e9e":"1 minute"},"schema":{"@context":"https:\/\/schema.org","@graph":[{"@type":"WebPage","@id":"https:\/\/olympicaccessories.com\/fr\/produit\/echelle-remplacement-43\/","url":"https:\/\/olympicaccessories.com\/fr\/produit\/echelle-remplacement-43\/","name":"\u00c9chelle de remplacement en r\u00e9sine pour patio - Olympic Pool Accessories","isPartOf":{"@id":"https:\/\/olympicaccessories.com\/fr\/#website"},"primaryImageOfPage":{"@id":"https:\/\/olympicaccessories.com\/fr\/produit\/echelle-remplacement-43\/#primaryimage"},"image":{"@id":"https:\/\/olympicaccessories.com\/fr\/produit\/echelle-remplacement-43\/#primaryimage"},"thumbnailUrl":"https:\/\/olympicaccessories.com\/wp-content\/uploads\/2025\/12\/43A.jpg","datePublished":"2025-12-31T20:50:08+00:00","dateModified":"2026-01-05T21:10:47+00:00","breadcrumb":{"@id":"https:\/\/olympicaccessories.com\/fr\/produit\/echelle-remplacement-43\/#breadcrumb"},"inLanguage":"fr-FR","potentialAction":[{"@type":"ReadAction","target":["https:\/\/olympicaccessories.com\/fr\/produit\/echelle-remplacement-43\/"]}]},{"@type":"ImageObject","inLanguage":"fr-FR","@id":"https:\/\/olympicaccessories.com\/fr\/produit\/echelle-remplacement-43\/#primaryimage","url":"https:\/\/olympicaccessories.com\/wp-content\/uploads\/2025\/12\/43A.jpg","contentUrl":"https:\/\/olympicaccessories.com\/wp-content\/uploads\/2025\/12\/43A.jpg","width":2083,"height":2083},{"@type":"BreadcrumbList","@id":"https:\/\/olympicaccessories.com\/fr\/produit\/echelle-remplacement-43\/#breadcrumb","itemListElement":[{"@type":"ListItem","position":1,"name":"Home","item":"https:\/\/olympicaccessories.com\/fr\/"},{"@type":"ListItem","position":2,"name":"Nos produits","item":"https:\/\/olympicaccessories.com\/fr\/produits\/"},{"@type":"ListItem","position":3,"name":"\u00c9chelle de remplacement en r\u00e9sine pour patio"}]},{"@type":"WebSite","@id":"https:\/\/olympicaccessories.com\/fr\/#website","url":"https:\/\/olympicaccessories.com\/fr\/","name":"Olympic Pool Accessories","description":"Everything you need for your Pool and Spa","publisher":{"@id":"https:\/\/olympicaccessories.com\/fr\/#organization"},"potentialAction":[{"@type":"SearchAction","target":{"@type":"EntryPoint","urlTemplate":"https:\/\/olympicaccessories.com\/fr\/?s={search_term_string}"},"query-input":{"@type":"PropertyValueSpecification","valueRequired":true,"valueName":"search_term_string"}}],"inLanguage":"fr-FR"},{"@type":"Organization","@id":"https:\/\/olympicaccessories.com\/fr\/#organization","name":"Olympic Pool Accessories","url":"https:\/\/olympicaccessories.com\/fr\/","logo":{"@type":"ImageObject","inLanguage":"fr-FR","@id":"https:\/\/olympicaccessories.com\/fr\/#\/schema\/logo\/image\/","url":"https:\/\/olympicaccessories.com\/wp-content\/uploads\/2025\/12\/olympicLogo50_364x128-02.png","contentUrl":"https:\/\/olympicaccessories.com\/wp-content\/uploads\/2025\/12\/olympicLogo50_364x128-02.png","width":1518,"height":535,"caption":"Olympic Pool Accessories"},"image":{"@id":"https:\/\/olympicaccessories.com\/fr\/#\/schema\/logo\/image\/"}}]}},"_links":{"self":[{"href":"https:\/\/olympicaccessories.com\/fr\/wp-json\/wp\/v2\/product\/4879","targetHints":{"allow":["GET"]}}],"collection":[{"href":"https:\/\/olympicaccessories.com\/fr\/wp-json\/wp\/v2\/product"}],"about":[{"href":"https:\/\/olympicaccessories.com\/fr\/wp-json\/wp\/v2\/types\/product"}],"wp:featuredmedia":[{"embeddable":true,"href":"https:\/\/olympicaccessories.com\/fr\/wp-json\/wp\/v2\/media\/4790"}],"wp:attachment":[{"href":"https:\/\/olympicaccessories.com\/fr\/wp-json\/wp\/v2\/media?parent=4879"}],"wp:term":[{"taxonomy":"product_brand","embeddable":true,"href":"https:\/\/olympicaccessories.com\/fr\/wp-json\/wp\/v2\/product_brand?post=4879"},{"taxonomy":"product_cat","embeddable":true,"href":"https:\/\/olympicaccessories.com\/fr\/wp-json\/wp\/v2\/product_cat?post=4879"},{"taxonomy":"product_tag","embeddable":true,"href":"https:\/\/olympicaccessories.com\/fr\/wp-json\/wp\/v2\/product_tag?post=4879"}],"curies":[{"name":"wp","href":"https:\/\/api.w.org\/{rel}","templated":true}]}}