{"id":4886,"date":"2025-01-02T15:32:22","date_gmt":"2025-01-02T15:32:22","guid":{"rendered":"https:\/\/olympicaccessories.com\/product\/pompe-hors-sol-a-double-vitesse-15-hp\/"},"modified":"2026-01-05T21:01:26","modified_gmt":"2026-01-05T21:01:26","slug":"pompe-hors-sol-a-double-vitesse-15-hp","status":"publish","type":"product","link":"https:\/\/olympicaccessories.com\/fr\/produit\/pompe-hors-sol-a-double-vitesse-15-hp\/","title":{"rendered":"Pompe hors sol \u00e0 double vitesse 1,5 HP"},"content":{"rendered":"<p>Moteur de 1.5 HP avec isolation et interrupteur imperm\u00e9able Fil d\u2019alimentation de 25 pieds Turbine fabriqu\u00e9e de plastique renforc\u00e9 et performant Moteur muni d\u2019une protection thermique, qui pr\u00e9vient la surchauffe et augmente la s\u00e9curit\u00e9 et la fiabilit\u00e9<\/p>\n","protected":false},"excerpt":{"rendered":"<p>Garantie de 2 ans<\/p>\n","protected":false},"featured_media":4899,"template":"","meta":[],"product_brand":[],"product_cat":[70],"product_tag":[63,89,92],"class_list":{"0":"post-4886","1":"product","2":"type-product","3":"status-publish","4":"has-post-thumbnail","6":"product_cat-filtration-fr","7":"product_tag-piscine-hors-terre","8":"product_tag-pompes","9":"product_tag-spa-fr","11":"first","12":"outofstock","13":"taxable","14":"shipping-taxable","15":"product-type-simple"},"yoast_head":"<!-- This site is optimized with the Yoast SEO plugin v27.1.1 - https:\/\/yoast.com\/product\/yoast-seo-wordpress\/ -->\n<title>Pompe hors sol \u00e0 double vitesse 1,5 HP - Olympic Pool Accessories<\/title>\n<meta name=\"robots\" content=\"index, follow, max-snippet:-1, max-image-preview:large, max-video-preview:-1\" \/>\n<link rel=\"canonical\" href=\"https:\/\/olympicaccessories.com\/fr\/produit\/pompe-hors-sol-a-double-vitesse-15-hp\/\" \/>\n<meta property=\"og:locale\" content=\"fr_FR\" \/>\n<meta property=\"og:type\" content=\"article\" \/>\n<meta property=\"og:title\" content=\"Pompe hors sol \u00e0 double vitesse 1,5 HP - Olympic Pool Accessories\" \/>\n<meta property=\"og:description\" content=\"Garantie de 2 ans\" \/>\n<meta property=\"og:url\" content=\"https:\/\/olympicaccessories.com\/fr\/produit\/pompe-hors-sol-a-double-vitesse-15-hp\/\" \/>\n<meta property=\"og:site_name\" content=\"Olympic Pool Accessories\" \/>\n<meta property=\"article:modified_time\" content=\"2026-01-05T21:01:26+00:00\" \/>\n<meta property=\"og:image\" content=\"https:\/\/olympicaccessories.com\/wp-content\/uploads\/2025\/01\/72845-NA-BU.jpg\" \/>\n\t<meta property=\"og:image:width\" content=\"2083\" \/>\n\t<meta property=\"og:image:height\" content=\"2083\" \/>\n\t<meta property=\"og:image:type\" content=\"image\/jpeg\" \/>\n<meta name=\"twitter:card\" content=\"summary_large_image\" \/>\n<meta name=\"twitter:label1\" content=\"Dur\u00e9e de lecture estim\u00e9e\" \/>\n\t<meta name=\"twitter:data1\" content=\"1 minute\" \/>\n<script type=\"application\/ld+json\" class=\"yoast-schema-graph\">{\"@context\":\"https:\/\/schema.org\",\"@graph\":[{\"@type\":\"WebPage\",\"@id\":\"https:\/\/olympicaccessories.com\/fr\/produit\/pompe-hors-sol-a-double-vitesse-15-hp\/\",\"url\":\"https:\/\/olympicaccessories.com\/fr\/produit\/pompe-hors-sol-a-double-vitesse-15-hp\/\",\"name\":\"Pompe hors sol \u00e0 double vitesse 1,5 HP - Olympic Pool Accessories\",\"isPartOf\":{\"@id\":\"https:\/\/olympicaccessories.com\/fr\/#website\"},\"primaryImageOfPage\":{\"@id\":\"https:\/\/olympicaccessories.com\/fr\/produit\/pompe-hors-sol-a-double-vitesse-15-hp\/#primaryimage\"},\"image\":{\"@id\":\"https:\/\/olympicaccessories.com\/fr\/produit\/pompe-hors-sol-a-double-vitesse-15-hp\/#primaryimage\"},\"thumbnailUrl\":\"https:\/\/olympicaccessories.com\/wp-content\/uploads\/2025\/01\/72845-NA-BU.jpg\",\"datePublished\":\"2025-01-02T15:32:22+00:00\",\"dateModified\":\"2026-01-05T21:01:26+00:00\",\"breadcrumb\":{\"@id\":\"https:\/\/olympicaccessories.com\/fr\/produit\/pompe-hors-sol-a-double-vitesse-15-hp\/#breadcrumb\"},\"inLanguage\":\"fr-FR\",\"potentialAction\":[{\"@type\":\"ReadAction\",\"target\":[\"https:\/\/olympicaccessories.com\/fr\/produit\/pompe-hors-sol-a-double-vitesse-15-hp\/\"]}]},{\"@type\":\"ImageObject\",\"inLanguage\":\"fr-FR\",\"@id\":\"https:\/\/olympicaccessories.com\/fr\/produit\/pompe-hors-sol-a-double-vitesse-15-hp\/#primaryimage\",\"url\":\"https:\/\/olympicaccessories.com\/wp-content\/uploads\/2025\/01\/72845-NA-BU.jpg\",\"contentUrl\":\"https:\/\/olympicaccessories.com\/wp-content\/uploads\/2025\/01\/72845-NA-BU.jpg\",\"width\":2083,\"height\":2083},{\"@type\":\"BreadcrumbList\",\"@id\":\"https:\/\/olympicaccessories.com\/fr\/produit\/pompe-hors-sol-a-double-vitesse-15-hp\/#breadcrumb\",\"itemListElement\":[{\"@type\":\"ListItem\",\"position\":1,\"name\":\"Home\",\"item\":\"https:\/\/olympicaccessories.com\/fr\/\"},{\"@type\":\"ListItem\",\"position\":2,\"name\":\"Nos produits\",\"item\":\"https:\/\/olympicaccessories.com\/fr\/produits\/\"},{\"@type\":\"ListItem\",\"position\":3,\"name\":\"Pompe hors sol \u00e0 double vitesse 1,5 HP\"}]},{\"@type\":\"WebSite\",\"@id\":\"https:\/\/olympicaccessories.com\/fr\/#website\",\"url\":\"https:\/\/olympicaccessories.com\/fr\/\",\"name\":\"Olympic Pool Accessories\",\"description\":\"Everything you need for your Pool and Spa\",\"publisher\":{\"@id\":\"https:\/\/olympicaccessories.com\/fr\/#organization\"},\"potentialAction\":[{\"@type\":\"SearchAction\",\"target\":{\"@type\":\"EntryPoint\",\"urlTemplate\":\"https:\/\/olympicaccessories.com\/fr\/?s={search_term_string}\"},\"query-input\":{\"@type\":\"PropertyValueSpecification\",\"valueRequired\":true,\"valueName\":\"search_term_string\"}}],\"inLanguage\":\"fr-FR\"},{\"@type\":\"Organization\",\"@id\":\"https:\/\/olympicaccessories.com\/fr\/#organization\",\"name\":\"Olympic Pool Accessories\",\"url\":\"https:\/\/olympicaccessories.com\/fr\/\",\"logo\":{\"@type\":\"ImageObject\",\"inLanguage\":\"fr-FR\",\"@id\":\"https:\/\/olympicaccessories.com\/fr\/#\/schema\/logo\/image\/\",\"url\":\"https:\/\/olympicaccessories.com\/wp-content\/uploads\/2025\/12\/olympicLogo50_364x128-02.png\",\"contentUrl\":\"https:\/\/olympicaccessories.com\/wp-content\/uploads\/2025\/12\/olympicLogo50_364x128-02.png\",\"width\":1518,\"height\":535,\"caption\":\"Olympic Pool Accessories\"},\"image\":{\"@id\":\"https:\/\/olympicaccessories.com\/fr\/#\/schema\/logo\/image\/\"}}]}<\/script>\n<!-- \/ Yoast SEO plugin. -->","yoast_head_json":{"title":"Pompe hors sol \u00e0 double vitesse 1,5 HP - Olympic Pool Accessories","robots":{"index":"index","follow":"follow","max-snippet":"max-snippet:-1","max-image-preview":"max-image-preview:large","max-video-preview":"max-video-preview:-1"},"canonical":"https:\/\/olympicaccessories.com\/fr\/produit\/pompe-hors-sol-a-double-vitesse-15-hp\/","og_locale":"fr_FR","og_type":"article","og_title":"Pompe hors sol \u00e0 double vitesse 1,5 HP - Olympic Pool Accessories","og_description":"Garantie de 2 ans","og_url":"https:\/\/olympicaccessories.com\/fr\/produit\/pompe-hors-sol-a-double-vitesse-15-hp\/","og_site_name":"Olympic Pool Accessories","article_modified_time":"2026-01-05T21:01:26+00:00","og_image":[{"width":2083,"height":2083,"url":"https:\/\/olympicaccessories.com\/wp-content\/uploads\/2025\/01\/72845-NA-BU.jpg","type":"image\/jpeg"}],"twitter_card":"summary_large_image","twitter_misc":{"Dur\u00e9e de lecture estim\u00e9e":"1 minute"},"schema":{"@context":"https:\/\/schema.org","@graph":[{"@type":"WebPage","@id":"https:\/\/olympicaccessories.com\/fr\/produit\/pompe-hors-sol-a-double-vitesse-15-hp\/","url":"https:\/\/olympicaccessories.com\/fr\/produit\/pompe-hors-sol-a-double-vitesse-15-hp\/","name":"Pompe hors sol \u00e0 double vitesse 1,5 HP - Olympic Pool Accessories","isPartOf":{"@id":"https:\/\/olympicaccessories.com\/fr\/#website"},"primaryImageOfPage":{"@id":"https:\/\/olympicaccessories.com\/fr\/produit\/pompe-hors-sol-a-double-vitesse-15-hp\/#primaryimage"},"image":{"@id":"https:\/\/olympicaccessories.com\/fr\/produit\/pompe-hors-sol-a-double-vitesse-15-hp\/#primaryimage"},"thumbnailUrl":"https:\/\/olympicaccessories.com\/wp-content\/uploads\/2025\/01\/72845-NA-BU.jpg","datePublished":"2025-01-02T15:32:22+00:00","dateModified":"2026-01-05T21:01:26+00:00","breadcrumb":{"@id":"https:\/\/olympicaccessories.com\/fr\/produit\/pompe-hors-sol-a-double-vitesse-15-hp\/#breadcrumb"},"inLanguage":"fr-FR","potentialAction":[{"@type":"ReadAction","target":["https:\/\/olympicaccessories.com\/fr\/produit\/pompe-hors-sol-a-double-vitesse-15-hp\/"]}]},{"@type":"ImageObject","inLanguage":"fr-FR","@id":"https:\/\/olympicaccessories.com\/fr\/produit\/pompe-hors-sol-a-double-vitesse-15-hp\/#primaryimage","url":"https:\/\/olympicaccessories.com\/wp-content\/uploads\/2025\/01\/72845-NA-BU.jpg","contentUrl":"https:\/\/olympicaccessories.com\/wp-content\/uploads\/2025\/01\/72845-NA-BU.jpg","width":2083,"height":2083},{"@type":"BreadcrumbList","@id":"https:\/\/olympicaccessories.com\/fr\/produit\/pompe-hors-sol-a-double-vitesse-15-hp\/#breadcrumb","itemListElement":[{"@type":"ListItem","position":1,"name":"Home","item":"https:\/\/olympicaccessories.com\/fr\/"},{"@type":"ListItem","position":2,"name":"Nos produits","item":"https:\/\/olympicaccessories.com\/fr\/produits\/"},{"@type":"ListItem","position":3,"name":"Pompe hors sol \u00e0 double vitesse 1,5 HP"}]},{"@type":"WebSite","@id":"https:\/\/olympicaccessories.com\/fr\/#website","url":"https:\/\/olympicaccessories.com\/fr\/","name":"Olympic Pool Accessories","description":"Everything you need for your Pool and Spa","publisher":{"@id":"https:\/\/olympicaccessories.com\/fr\/#organization"},"potentialAction":[{"@type":"SearchAction","target":{"@type":"EntryPoint","urlTemplate":"https:\/\/olympicaccessories.com\/fr\/?s={search_term_string}"},"query-input":{"@type":"PropertyValueSpecification","valueRequired":true,"valueName":"search_term_string"}}],"inLanguage":"fr-FR"},{"@type":"Organization","@id":"https:\/\/olympicaccessories.com\/fr\/#organization","name":"Olympic Pool Accessories","url":"https:\/\/olympicaccessories.com\/fr\/","logo":{"@type":"ImageObject","inLanguage":"fr-FR","@id":"https:\/\/olympicaccessories.com\/fr\/#\/schema\/logo\/image\/","url":"https:\/\/olympicaccessories.com\/wp-content\/uploads\/2025\/12\/olympicLogo50_364x128-02.png","contentUrl":"https:\/\/olympicaccessories.com\/wp-content\/uploads\/2025\/12\/olympicLogo50_364x128-02.png","width":1518,"height":535,"caption":"Olympic Pool Accessories"},"image":{"@id":"https:\/\/olympicaccessories.com\/fr\/#\/schema\/logo\/image\/"}}]}},"_links":{"self":[{"href":"https:\/\/olympicaccessories.com\/fr\/wp-json\/wp\/v2\/product\/4886","targetHints":{"allow":["GET"]}}],"collection":[{"href":"https:\/\/olympicaccessories.com\/fr\/wp-json\/wp\/v2\/product"}],"about":[{"href":"https:\/\/olympicaccessories.com\/fr\/wp-json\/wp\/v2\/types\/product"}],"wp:featuredmedia":[{"embeddable":true,"href":"https:\/\/olympicaccessories.com\/fr\/wp-json\/wp\/v2\/media\/4899"}],"wp:attachment":[{"href":"https:\/\/olympicaccessories.com\/fr\/wp-json\/wp\/v2\/media?parent=4886"}],"wp:term":[{"taxonomy":"product_brand","embeddable":true,"href":"https:\/\/olympicaccessories.com\/fr\/wp-json\/wp\/v2\/product_brand?post=4886"},{"taxonomy":"product_cat","embeddable":true,"href":"https:\/\/olympicaccessories.com\/fr\/wp-json\/wp\/v2\/product_cat?post=4886"},{"taxonomy":"product_tag","embeddable":true,"href":"https:\/\/olympicaccessories.com\/fr\/wp-json\/wp\/v2\/product_tag?post=4886"}],"curies":[{"name":"wp","href":"https:\/\/api.w.org\/{rel}","templated":true}]}}